{"id":37814,"date":"2025-07-31T14:58:03","date_gmt":"2025-07-31T14:58:03","guid":{"rendered":"https:\/\/www.aqua-suisse-zuerich.ch\/lapplication-visiteurs\/"},"modified":"2025-07-31T15:01:26","modified_gmt":"2025-07-31T15:01:26","slug":"lapplication-visiteurs","status":"publish","type":"page","link":"https:\/\/www.aqua-suisse-zuerich.ch\/fr\/lapplication-visiteurs\/","title":{"rendered":"L&rsquo;application visiteurs"},"content":{"rendered":"\t\t<div data-elementor-type=\"wp-page\" data-elementor-id=\"37814\" class=\"elementor elementor-37814 elementor-37808\" data-elementor-post-type=\"page\">\n\t\t\t\t\t\t<section class=\"elementor-section elementor-top-section elementor-element elementor-element-3b85aed2 elementor-section-boxed elementor-section-height-default elementor-section-height-default\" data-id=\"3b85aed2\" data-element_type=\"section\" data-settings=\"{&quot;background_background&quot;:&quot;classic&quot;}\">\n\t\t\t\t\t\t<div class=\"elementor-container elementor-column-gap-default\">\n\t\t\t\t\t<div class=\"elementor-column elementor-col-100 elementor-top-column elementor-element elementor-element-636840a9\" data-id=\"636840a9\" data-element_type=\"column\">\n\t\t\t<div class=\"elementor-widget-wrap elementor-element-populated\">\n\t\t\t\t\t\t<div class=\"elementor-element elementor-element-5b0da197 elementor-invisible elementor-widget elementor-widget-text-editor\" data-id=\"5b0da197\" data-element_type=\"widget\" data-settings=\"{&quot;_animation&quot;:&quot;zoomIn&quot;}\" data-widget_type=\"text-editor.default\">\n\t\t\t\t<div class=\"elementor-widget-container\">\n\t\t\t\t\t\t\t\t\t<h2><span style=\"color: #2E4D93;\"><strong>L&rsquo;application pour le salon :\nUne exp\u00e9rience optimale du salon avec l&rsquo;appli salon<\/strong><\/span><\/h2>\t\t\t\t\t\t\t\t<\/div>\n\t\t\t\t<\/div>\n\t\t\t\t<div class=\"elementor-element elementor-element-3e501da9 elementor-widget elementor-widget-text-editor\" data-id=\"3e501da9\" data-element_type=\"widget\" data-widget_type=\"text-editor.default\">\n\t\t\t\t<div class=\"elementor-widget-container\">\n\t\t\t\t\t\t\t\t\t<p>Nous sommes heureux de vous pr\u00e9senter notre nouvelle application pour les salons et ses nombreuses fonctionnalit\u00e9s qui optimiseront votre exp\u00e9rience en tant que visiteur avant, pendant et apr\u00e8s le salon !<\/p>\n<p>Plus qu&rsquo;un simple outil de planification, l&rsquo;application devient votre assistant personnel, vous offrant une exp\u00e9rience efficace d\u00e8s le moment o\u00f9 vous pr\u00e9parez votre visite, pendant votre visite et m\u00eame apr\u00e8s le salon.<\/p>\n\t\t\t\t\t\t\t\t<\/div>\n\t\t\t\t<\/div>\n\t\t\t\t<div class=\"elementor-element elementor-element-f50a673 elementor-align-center elementor-widget elementor-widget-button\" data-id=\"f50a673\" data-element_type=\"widget\" data-widget_type=\"button.default\">\n\t\t\t\t<div class=\"elementor-widget-container\">\n\t\t\t\t\t\t\t\t\t<div class=\"elementor-button-wrapper\">\n\t\t\t\t\t<a class=\"elementor-button elementor-button-link elementor-size-sm\" href=\"mailto:marketing.ch@easyfairs.com\">\n\t\t\t\t\t\t<span class=\"elementor-button-content-wrapper\">\n\t\t\t\t\t\t<span class=\"elementor-button-icon\">\n\t\t\t\t<i aria-hidden=\"true\" class=\"fas fa-long-arrow-alt-right\"><\/i>\t\t\t<\/span>\n\t\t\t\t\t\t\t\t\t<span class=\"elementor-button-text\">Contactez nous<\/span>\n\t\t\t\t\t<\/span>\n\t\t\t\t\t<\/a>\n\t\t\t\t<\/div>\n\t\t\t\t\t\t\t\t<\/div>\n\t\t\t\t<\/div>\n\t\t\t\t\t<\/div>\n\t\t<\/div>\n\t\t\t\t\t<\/div>\n\t\t<\/section>\n\t\t\t\t<section class=\"elementor-section elementor-top-section elementor-element elementor-element-37c566e3 elementor-section-boxed elementor-section-height-default elementor-section-height-default\" data-id=\"37c566e3\" data-element_type=\"section\">\n\t\t\t\t\t\t<div class=\"elementor-container elementor-column-gap-default\">\n\t\t\t\t\t<div class=\"elementor-column elementor-col-50 elementor-top-column elementor-element elementor-element-53c74cec\" data-id=\"53c74cec\" data-element_type=\"column\" data-settings=\"{&quot;background_background&quot;:&quot;classic&quot;}\">\n\t\t\t<div class=\"elementor-widget-wrap elementor-element-populated\">\n\t\t\t\t\t\t<div class=\"elementor-element elementor-element-32e6a8cd elementor-widget elementor-widget-heading\" data-id=\"32e6a8cd\" data-element_type=\"widget\" data-widget_type=\"heading.default\">\n\t\t\t\t<div class=\"elementor-widget-container\">\n\t\t\t\t\t<h2 class=\"elementor-heading-title elementor-size-default\">Vos advantages<\/h2>\t\t\t\t<\/div>\n\t\t\t\t<\/div>\n\t\t\t\t<div class=\"elementor-element elementor-element-3bebe811 elementor-widget elementor-widget-text-editor\" data-id=\"3bebe811\" data-element_type=\"widget\" data-widget_type=\"text-editor.default\">\n\t\t\t\t<div class=\"elementor-widget-container\">\n\t\t\t\t\t\t\t\t\t<ol>\n<li><span style=\"color: #ffffff;\">Un r\u00e9seau optimal : entrez facilement en contact avec des professionnels int\u00e9ressants. Qu&rsquo;il s&rsquo;agisse de visiteurs, de personnel de stand, d&rsquo;entreprises ou de speakers. La mise en r\u00e9seau est possible \u00e0 tout moment gr\u00e2ce \u00e0 l&rsquo;appli.<\/span><\/li>\n<li><span style=\"color: #ffffff;\">Planification efficace des rendez-vous : l&rsquo;app vous aide \u00e0 communiquer et \u00e0 planifier vos rendez-vous.<\/span><\/li>\n<li><span style=\"color: #ffffff;\">Restez organis\u00e9 pour ne rien manquer : Gardez une vue d&rsquo;ensemble de votre emploi du temps, de vos rendez-vous et des conf\u00e9rences qui vous int\u00e9ressent.<\/span><\/li>\n<li><span style=\"color: #ffffff;\">Toujours \u00e0 jour : vous recevez des mises \u00e0 jour d&rsquo;\u00e9v\u00e9nements et des notifications en temps r\u00e9el.<\/span><\/li>\n<li><span style=\"color: #ffffff;\">Une exp\u00e9rience personnalis\u00e9e : utilisez les propositions sur mesure pour adapter votre participation au salon \u00e0 vos objectifs individuels.<\/span><\/li>\n<\/ol>\n\t\t\t\t\t\t\t\t<\/div>\n\t\t\t\t<\/div>\n\t\t\t\t\t<\/div>\n\t\t<\/div>\n\t\t\t\t<div class=\"elementor-column elementor-col-50 elementor-top-column elementor-element elementor-element-a3c8c7b\" data-id=\"a3c8c7b\" data-element_type=\"column\" data-settings=\"{&quot;background_background&quot;:&quot;classic&quot;}\">\n\t\t\t<div class=\"elementor-widget-wrap elementor-element-populated\">\n\t\t\t\t\t\t<div class=\"elementor-element elementor-element-763c2d36 elementor-widget elementor-widget-image\" data-id=\"763c2d36\" data-element_type=\"widget\" data-widget_type=\"image.default\">\n\t\t\t\t<div class=\"elementor-widget-container\">\n\t\t\t\t\t\t\t\t\t\t\t\t\t\t\t<img fetchpriority=\"high\" decoding=\"async\" width=\"200\" height=\"300\" src=\"https:\/\/easyfairsassets.com\/sites\/91\/2025\/07\/App_Bild_Gleanin_Indu_DE-200x300.png\" class=\"attachment-medium size-medium wp-image-37780\" alt=\"\" srcset=\"https:\/\/easyfairsassets.com\/sites\/91\/2025\/07\/App_Bild_Gleanin_Indu_DE-200x300.png 200w, https:\/\/easyfairsassets.com\/sites\/91\/2025\/07\/App_Bild_Gleanin_Indu_DE.png 400w\" sizes=\"(max-width: 200px) 100vw, 200px\" \/>\t\t\t\t\t\t\t\t\t\t\t\t\t\t\t<\/div>\n\t\t\t\t<\/div>\n\t\t\t\t\t<\/div>\n\t\t<\/div>\n\t\t\t\t\t<\/div>\n\t\t<\/section>\n\t\t\t\t<section class=\"elementor-section elementor-top-section elementor-element elementor-element-7ce0614 elementor-section-boxed elementor-section-height-default elementor-section-height-default\" data-id=\"7ce0614\" data-element_type=\"section\">\n\t\t\t\t\t\t\t<div class=\"elementor-background-overlay\"><\/div>\n\t\t\t\t\t\t\t<div class=\"elementor-container elementor-column-gap-default\">\n\t\t\t\t\t<div class=\"elementor-column elementor-col-100 elementor-top-column elementor-element elementor-element-2288c5b0\" data-id=\"2288c5b0\" data-element_type=\"column\" data-settings=\"{&quot;background_background&quot;:&quot;classic&quot;}\">\n\t\t\t<div class=\"elementor-widget-wrap elementor-element-populated\">\n\t\t\t\t\t\t<div class=\"elementor-element elementor-element-11f540c1 elementor-widget elementor-widget-heading\" data-id=\"11f540c1\" data-element_type=\"widget\" data-widget_type=\"heading.default\">\n\t\t\t\t<div class=\"elementor-widget-container\">\n\t\t\t\t\t<h2 class=\"elementor-heading-title elementor-size-default\">Comment cela fonctionne-t-il ?<\/h2>\t\t\t\t<\/div>\n\t\t\t\t<\/div>\n\t\t\t\t<div class=\"elementor-element elementor-element-5a84a9c9 elementor-widget elementor-widget-text-editor\" data-id=\"5a84a9c9\" data-element_type=\"widget\" data-widget_type=\"text-editor.default\">\n\t\t\t\t<div class=\"elementor-widget-container\">\n\t\t\t\t\t\t\t\t\t<ol>\n \t<li><span style=\"color: #2E4D93;\">Inscrivez-vous d&rsquo;abord \u00e0 la maintenance : apr\u00e8s l&rsquo;inscription, vous recevrez un e-mail qui vous permettra de cr\u00e9er votre compte dans l&rsquo;application.<\/span><\/li>\n \t<li><span style=\"color: #2E4D93;\">T\u00e9l\u00e9chargez ensuite l&rsquo;application : D\u00e8s que l&rsquo;application sera disponible, vous recevrez un e-mail contenant des liens pour Android et iOS. Suivez le lien ou scannez le code QR indiqu\u00e9 dans l&rsquo;e-mail pour installer l&rsquo;application.<\/span><\/li>\n \t<li><span style=\"color: #2E4D93;\">Configurez votre profil : parlez-nous de vos int\u00e9r\u00eats, de l&rsquo;activit\u00e9 de votre entreprise et de ce que vous recherchez pendant l&rsquo;\u00e9v\u00e9nement.<\/span><\/li>\n \t<li><span style=\"color: #2E4D93;\">Commencez \u00e0 rencontrer des gens : D\u00e9couvrez des recommandations, \u00e9tablissez des contacts avec d&rsquo;autres professionnels et planifiez quelques rencontres sur le salon.<\/span><\/li>\n \t<li><span style=\"color: #2E4D93;\">Tirez le meilleur parti de votre visite au salon : gr\u00e2ce \u00e0 votre emploi du temps personnalis\u00e9, vous pouvez vous concentrer sur la cr\u00e9ation de nouveaux contacts et sur l&rsquo;acquisition de connaissances pr\u00e9cieuses.<\/span><\/li>\n<\/ol>\t\t\t\t\t\t\t\t<\/div>\n\t\t\t\t<\/div>\n\t\t\t\t\t<\/div>\n\t\t<\/div>\n\t\t\t\t\t<\/div>\n\t\t<\/section>\n\t\t\t\t<section class=\"elementor-section elementor-top-section elementor-element elementor-element-5d67ad05 elementor-section-height-min-height elementor-section-boxed elementor-section-height-default elementor-section-items-middle\" data-id=\"5d67ad05\" data-element_type=\"section\" data-settings=\"{&quot;background_background&quot;:&quot;classic&quot;,&quot;shape_divider_bottom&quot;:&quot;waves&quot;}\">\n\t\t\t\t\t<div class=\"elementor-shape elementor-shape-bottom\" aria-hidden=\"true\" data-negative=\"false\">\n\t\t\t<svg xmlns=\"http:\/\/www.w3.org\/2000\/svg\" viewBox=\"0 0 1000 100\" preserveAspectRatio=\"none\">\n\t<path class=\"elementor-shape-fill\" d=\"M421.9,6.5c22.6-2.5,51.5,0.4,75.5,5.3c23.6,4.9,70.9,23.5,100.5,35.7c75.8,32.2,133.7,44.5,192.6,49.7\n\tc23.6,2.1,48.7,3.5,103.4-2.5c54.7-6,106.2-25.6,106.2-25.6V0H0v30.3c0,0,72,32.6,158.4,30.5c39.2-0.7,92.8-6.7,134-22.4\n\tc21.2-8.1,52.2-18.2,79.7-24.2C399.3,7.9,411.6,7.5,421.9,6.5z\"\/>\n<\/svg>\t\t<\/div>\n\t\t\t\t\t<div class=\"elementor-container elementor-column-gap-default\">\n\t\t\t\t\t<div class=\"elementor-column elementor-col-100 elementor-top-column elementor-element elementor-element-42e94b65\" data-id=\"42e94b65\" data-element_type=\"column\">\n\t\t\t<div class=\"elementor-widget-wrap\">\n\t\t\t\t\t\t\t<\/div>\n\t\t<\/div>\n\t\t\t\t\t<\/div>\n\t\t<\/section>\n\t\t\t\t<\/div>\n\t\t","protected":false},"excerpt":{"rendered":"<p>L&rsquo;application pour le salon : Une exp\u00e9rience optimale du salon avec l&rsquo;application AQUA Suisse. T\u00e9l\u00e9chargeable d\u00e8s maintenant !<\/p>\n","protected":false},"author":87,"featured_media":0,"parent":0,"menu_order":0,"comment_status":"closed","ping_status":"closed","template":"","meta":{"_seopress_robots_primary_cat":"","_seopress_titles_title":"Empack App","_seopress_titles_desc":"Connect effortlessly with exhibitors, speakers &amp; visitors relevant to you. View the exhibition plan and programme and thus optimise your exhibition visit!","_seopress_robots_index":"","footnotes":""},"class_list":["post-37814","page","type-page","status-publish","hentry"],"_links":{"self":[{"href":"https:\/\/www.aqua-suisse-zuerich.ch\/fr\/wp-json\/wp\/v2\/pages\/37814","targetHints":{"allow":["GET"]}}],"collection":[{"href":"https:\/\/www.aqua-suisse-zuerich.ch\/fr\/wp-json\/wp\/v2\/pages"}],"about":[{"href":"https:\/\/www.aqua-suisse-zuerich.ch\/fr\/wp-json\/wp\/v2\/types\/page"}],"author":[{"embeddable":true,"href":"https:\/\/www.aqua-suisse-zuerich.ch\/fr\/wp-json\/wp\/v2\/users\/87"}],"replies":[{"embeddable":true,"href":"https:\/\/www.aqua-suisse-zuerich.ch\/fr\/wp-json\/wp\/v2\/comments?post=37814"}],"version-history":[{"count":4,"href":"https:\/\/www.aqua-suisse-zuerich.ch\/fr\/wp-json\/wp\/v2\/pages\/37814\/revisions"}],"predecessor-version":[{"id":37829,"href":"https:\/\/www.aqua-suisse-zuerich.ch\/fr\/wp-json\/wp\/v2\/pages\/37814\/revisions\/37829"}],"wp:attachment":[{"href":"https:\/\/www.aqua-suisse-zuerich.ch\/fr\/wp-json\/wp\/v2\/media?parent=37814"}],"curies":[{"name":"wp","href":"https:\/\/api.w.org\/{rel}","templated":true}]}}