{"id":31112,"date":"2024-01-30T09:49:56","date_gmt":"2024-01-30T09:49:56","guid":{"rendered":"https:\/\/www.aqua-suisse-zuerich.ch\/technologie-de-badge-intelligent\/"},"modified":"2024-04-09T11:57:43","modified_gmt":"2024-04-09T11:57:43","slug":"technologie-de-badge-intelligent","status":"publish","type":"page","link":"https:\/\/www.aqua-suisse-zuerich.ch\/fr\/technologie-de-badge-intelligent\/","title":{"rendered":"Technologie de badge intelligent"},"content":{"rendered":"\t\t<div data-elementor-type=\"wp-post\" data-elementor-id=\"31112\" class=\"elementor elementor-31112 elementor-542\" data-elementor-post-type=\"page\">\n\t\t\t\t\t\t<section class=\"elementor-section elementor-top-section elementor-element elementor-element-2a50a68a elementor-section-content-middle elementor-section-full_width elementor-section-height-default elementor-section-height-default\" data-id=\"2a50a68a\" data-element_type=\"section\">\n\t\t\t\t\t\t<div class=\"elementor-container elementor-column-gap-no\">\n\t\t\t\t\t<div class=\"elementor-column elementor-col-50 elementor-top-column elementor-element elementor-element-5b2bbab8\" data-id=\"5b2bbab8\" data-element_type=\"column\" data-settings=\"{&quot;background_background&quot;:&quot;classic&quot;}\">\n\t\t\t<div class=\"elementor-widget-wrap elementor-element-populated\">\n\t\t\t\t\t\t<div class=\"elementor-element elementor-element-4f0a056c elementor-widget elementor-widget-spacer\" data-id=\"4f0a056c\" data-element_type=\"widget\" data-widget_type=\"spacer.default\">\n\t\t\t\t<div class=\"elementor-widget-container\">\n\t\t\t\t\t\t\t<div class=\"elementor-spacer\">\n\t\t\t<div class=\"elementor-spacer-inner\"><\/div>\n\t\t<\/div>\n\t\t\t\t\t\t<\/div>\n\t\t\t\t<\/div>\n\t\t\t\t\t<\/div>\n\t\t<\/div>\n\t\t\t\t<div class=\"elementor-column elementor-col-50 elementor-top-column elementor-element elementor-element-6df22d79\" data-id=\"6df22d79\" data-element_type=\"column\" data-settings=\"{&quot;background_background&quot;:&quot;classic&quot;}\">\n\t\t\t<div class=\"elementor-widget-wrap elementor-element-populated\">\n\t\t\t\t\t\t<div class=\"elementor-element elementor-element-54800ae3 elementor-widget elementor-widget-heading\" data-id=\"54800ae3\" data-element_type=\"widget\" data-widget_type=\"heading.default\">\n\t\t\t\t<div class=\"elementor-widget-container\">\n\t\t\t\t\t<h5 class=\"elementor-heading-title elementor-size-default\">Technologie Smart Badge pour les exposants<\/h5>\t\t\t\t<\/div>\n\t\t\t\t<\/div>\n\t\t\t\t<div class=\"elementor-element elementor-element-dabc6c1 elementor-widget elementor-widget-heading\" data-id=\"dabc6c1\" data-element_type=\"widget\" data-widget_type=\"heading.default\">\n\t\t\t\t<div class=\"elementor-widget-container\">\n\t\t\t\t\t<h2 class=\"elementor-heading-title elementor-size-default\">Faites de vos visiteurs des contacts hautement qualifi\u00e9s !<\/h2>\t\t\t\t<\/div>\n\t\t\t\t<\/div>\n\t\t\t\t<div class=\"elementor-element elementor-element-467727c0 elementor-widget elementor-widget-text-editor\" data-id=\"467727c0\" data-element_type=\"widget\" data-widget_type=\"text-editor.default\">\n\t\t\t\t<div class=\"elementor-widget-container\">\n\t\t\t\t\t\t\t\t\t<p>Dans le cadre de votre pack EasyGo, tous les exposants re\u00e7oivent un lecteur NFC afin d&rsquo;am\u00e9liorer l&rsquo;impression g\u00e9n\u00e9rale des visiteurs. Le lecteur sans fil install\u00e9 sur votre stand transmet num\u00e9riquement aux visiteurs les informations sur vos produits et votre entreprise que vous avez t\u00e9l\u00e9charg\u00e9es dans votre compte MyEasyfairs.<\/p>\n\t\t\t\t\t\t\t\t<\/div>\n\t\t\t\t<\/div>\n\t\t\t\t<div class=\"elementor-element elementor-element-3a580a75 elementor-hidden-desktop elementor-hidden-tablet elementor-hidden-mobile elementor-widget elementor-widget-dynamic-button\" data-id=\"3a580a75\" data-element_type=\"widget\" data-widget_type=\"dynamic-button.default\">\n\t\t\t\t<div class=\"elementor-widget-container\">\n\t\t\t\t\t        <div class=\"elementor-button-wrapper\">\n            <a href=\"https:\/\/\" class=\"elementor-button-link elementor-button elementor-size-sm elementor-animation-pulse-grow\" role=\"button\">\n                        <span class=\"elementor-button-content-wrapper\">\n\t\t\t                <span class=\"elementor-button-icon elementor-align-icon-right\">\n\t\t\t\t<i aria-hidden=\"true\" class=\"fas fa-arrow-right\"><\/i>\t\t\t<\/span>\n            \t\t\t<span class=\"elementor-button-text\">Cliquez ici<\/span>\n\t\t<\/span>\n                    <\/a>\n        <\/div>\n        \t\t\t\t<\/div>\n\t\t\t\t<\/div>\n\t\t\t\t\t<\/div>\n\t\t<\/div>\n\t\t\t\t\t<\/div>\n\t\t<\/section>\n\t\t\t\t<section class=\"elementor-section elementor-top-section elementor-element elementor-element-3e2c1f72 elementor-section-boxed elementor-section-height-default elementor-section-height-default\" data-id=\"3e2c1f72\" data-element_type=\"section\">\n\t\t\t\t\t\t<div class=\"elementor-container elementor-column-gap-no\">\n\t\t\t\t\t<div class=\"elementor-column elementor-col-100 elementor-top-column elementor-element elementor-element-5f36f651\" data-id=\"5f36f651\" data-element_type=\"column\">\n\t\t\t<div class=\"elementor-widget-wrap elementor-element-populated\">\n\t\t\t\t\t\t<div class=\"elementor-element elementor-element-3e3ea95 elementor-widget elementor-widget-heading\" data-id=\"3e3ea95\" data-element_type=\"widget\" data-widget_type=\"heading.default\">\n\t\t\t\t<div class=\"elementor-widget-container\">\n\t\t\t\t\t<h2 class=\"elementor-heading-title elementor-size-default\">Informations pour les exposants<\/h2>\t\t\t\t<\/div>\n\t\t\t\t<\/div>\n\t\t\t\t<div class=\"elementor-element elementor-element-64654f9c elementor-widget elementor-widget-text-editor\" data-id=\"64654f9c\" data-element_type=\"widget\" data-widget_type=\"text-editor.default\">\n\t\t\t\t<div class=\"elementor-widget-container\">\n\t\t\t\t\t\t\t\t\t<p><strong>Comment \u00e7a marche ?<\/strong><\/p>\n<p>D\u00e8s que les visiteurs touchent votre lecteur avec leur badge, ils collectent toutes les informations sur votre entreprise et vos produits que vous avez t\u00e9l\u00e9charg\u00e9es dans votre compte MyEasyfairs. \u00c0 la fin de la journ\u00e9e, les visiteurs re\u00e7oivent ces informations par e-mail sous forme de r\u00e9sum\u00e9 du salon. Si vous utilisez GoLeads, GoPlus ou GoPremium, vous recevez les donn\u00e9es des visiteurs qui ont touch\u00e9 votre lecteur. Vous pouvez les t\u00e9l\u00e9charger dans MyEasyfairs. Seulement GoVisibility ? Vos visiteurs ont re\u00e7u vos informations via votre lecteur. Pour que vous puissiez recevoir les donn\u00e9es de vos visiteurs, vous devez \u00e9tendre votre package \u00e0 GoPlus.<\/p>\n<p><strong>Que devez-vous faire pour cela avant le salon ?<\/strong><\/p>\n<p>Assurez-vous que le profil de votre entreprise est \u00e0 jour dans votre compte MyEasyfairs (donn\u00e9es de l&rsquo;entreprise, produits et informations de contact). Le visiteur re\u00e7oit ces informations sous forme num\u00e9rique lorsqu&rsquo;il a touch\u00e9 votre lecteur sur le stand avec son badge.<\/p>\n<p><strong>Que devez-vous faire pour cela sur le salon ?<\/strong><br \/>\nLe jour de l&rsquo;installation, vous recevrez le lecteur pr\u00eat \u00e0 l&#8217;emploi sur un support standardis\u00e9 que vous placerez sur votre stand. Vous pouvez le positionner comme vous le souhaitez. \u00c0 la fin du salon, les lecteurs sont r\u00e9cup\u00e9r\u00e9s par notre \u00e9quipe. Veillez \u00e0 ce que le support avec le lecteur soit pr\u00e9sent sur votre stand le premier jour du salon. Si ce n&rsquo;est pas le cas, veuillez contacter imm\u00e9diatement l&rsquo;\u00e9quipe du salon, car le pr\u00e9sentoir et le lecteur font partie de votre package de stand et doivent \u00eatre restitu\u00e9s \u00e0 la fin du salon.<\/p>\n\t\t\t\t\t\t\t\t<\/div>\n\t\t\t\t<\/div>\n\t\t\t\t<div class=\"elementor-element elementor-element-49a708e elementor-widget elementor-widget-heading\" data-id=\"49a708e\" data-element_type=\"widget\" data-widget_type=\"heading.default\">\n\t\t\t\t<div class=\"elementor-widget-container\">\n\t\t\t\t\t<h2 class=\"elementor-heading-title elementor-size-default\">Avantages pour vous en tant qu'exposant<\/h2>\t\t\t\t<\/div>\n\t\t\t\t<\/div>\n\t\t\t\t<div class=\"elementor-element elementor-element-a4876a7 elementor-widget elementor-widget-text-editor\" data-id=\"a4876a7\" data-element_type=\"widget\" data-widget_type=\"text-editor.default\">\n\t\t\t\t<div class=\"elementor-widget-container\">\n\t\t\t\t\t\t\t\t\t<strong>Vous partagez rapidement et facilement les informations sur votre entreprise<\/strong>\r\nLes visiteurs re\u00e7oivent des informations sur votre entreprise et vos produits par e-mail &#8211; tout simplement en touchant le lecteur avec leur badge visiteur. M\u00eame les visiteurs avec lesquels vous n&rsquo;avez pas eu de contact personnel peuvent ainsi demander des informations sur vous.\r\n\r\n<strong>Vous \u00e9vitez les co\u00fbts et pr\u00e9servez les ressources<\/strong>\r\nSi vous mettez \u00e0 disposition les informations sur votre entreprise et vos produits sous forme num\u00e9rique, vous avez besoin de moins de brochures, catalogues ou autres imprim\u00e9s. Vous \u00e9conomisez ainsi des co\u00fbts de production et de transport. De plus, les visiteurs accumulent moins de mat\u00e9riel sur le salon, ce qui r\u00e9duit le risque de \u00ab\u00a0perdre\u00a0\u00bb des documents importants.\r\n\r\n<strong>Vous offrez \u00e0 vos visiteurs une communication moderne et interactive.<\/strong>\r\nLes visiteurs qui touchent votre lecteur avec leur badge re\u00e7oivent vos informations sous forme num\u00e9rique. Ils peuvent ainsi les partager facilement avec leurs coll\u00e8gues et amis par e-mail ou sur les r\u00e9seaux sociaux.\r\nVous facilitez le suivi de votre salon.\r\nVous recevez une liste \u00e9lectronique de tous les visiteurs qui ont demand\u00e9 vos informations. Vous n&rsquo;avez plus besoin d&rsquo;importer des cartes de visite ou des fiches de contact, ce qui prend beaucoup de temps.\t\t\t\t\t\t\t\t<\/div>\n\t\t\t\t<\/div>\n\t\t\t\t\t<\/div>\n\t\t<\/div>\n\t\t\t\t\t<\/div>\n\t\t<\/section>\n\t\t\t\t<section class=\"elementor-section elementor-top-section elementor-element elementor-element-52b5a0cf elementor-section-boxed elementor-section-height-default elementor-section-height-default\" data-id=\"52b5a0cf\" data-element_type=\"section\">\n\t\t\t\t\t\t<div class=\"elementor-container elementor-column-gap-no\">\n\t\t\t\t\t<div class=\"elementor-column elementor-col-100 elementor-top-column elementor-element elementor-element-2537f6fe\" data-id=\"2537f6fe\" data-element_type=\"column\">\n\t\t\t<div class=\"elementor-widget-wrap elementor-element-populated\">\n\t\t\t\t\t\t<div class=\"elementor-element elementor-element-5397ca52 elementor-widget elementor-widget-text-editor\" data-id=\"5397ca52\" data-element_type=\"widget\" data-widget_type=\"text-editor.default\">\n\t\t\t\t<div class=\"elementor-widget-container\">\n\t\t\t\t\t\t\t\t\t<p>\t\t<div data-elementor-type=\"section\" data-elementor-id=\"33406\" class=\"elementor elementor-33406 elementor-10309\" data-elementor-post-type=\"elementor_library\">\n\t\t\t\t\t<section class=\"elementor-section elementor-top-section elementor-element elementor-element-18cadf7a elementor-section-content-middle elementor-section-boxed elementor-section-height-default elementor-section-height-default\" data-id=\"18cadf7a\" data-element_type=\"section\">\n\t\t\t\t\t\t<div class=\"elementor-container elementor-column-gap-default\">\n\t\t\t\t\t<div class=\"elementor-column elementor-col-50 elementor-top-column elementor-element elementor-element-2256a08d\" data-id=\"2256a08d\" data-element_type=\"column\" data-settings=\"{&quot;background_background&quot;:&quot;classic&quot;}\">\n\t\t\t<div class=\"elementor-widget-wrap elementor-element-populated\">\n\t\t\t\t\t\t<div class=\"elementor-element elementor-element-00cfd2c elementor-mobile-align-center elementor-align-center elementor-widget elementor-widget-lottie\" data-id=\"00cfd2c\" data-element_type=\"widget\" data-settings=\"{&quot;source_json&quot;:{&quot;url&quot;:&quot;https:\\\/\\\/www.aqua-suisse-zuerich.ch\\\/wp-content\\\/uploads\\\/sites\\\/91\\\/2022\\\/05\\\/78-document-pdf-outline-edited.json&quot;,&quot;id&quot;:10395,&quot;size&quot;:&quot;&quot;,&quot;alt&quot;:&quot;&quot;,&quot;source&quot;:&quot;library&quot;},&quot;source&quot;:&quot;media_file&quot;,&quot;caption_source&quot;:&quot;none&quot;,&quot;link_to&quot;:&quot;none&quot;,&quot;trigger&quot;:&quot;arriving_to_viewport&quot;,&quot;viewport&quot;:{&quot;unit&quot;:&quot;%&quot;,&quot;size&quot;:&quot;&quot;,&quot;sizes&quot;:{&quot;start&quot;:0,&quot;end&quot;:100}},&quot;play_speed&quot;:{&quot;unit&quot;:&quot;px&quot;,&quot;size&quot;:1,&quot;sizes&quot;:[]},&quot;start_point&quot;:{&quot;unit&quot;:&quot;%&quot;,&quot;size&quot;:0,&quot;sizes&quot;:[]},&quot;end_point&quot;:{&quot;unit&quot;:&quot;%&quot;,&quot;size&quot;:100,&quot;sizes&quot;:[]},&quot;renderer&quot;:&quot;svg&quot;}\" data-widget_type=\"lottie.default\">\n\t\t\t\t<div class=\"elementor-widget-container\">\n\t\t\t\t\t<div class=\"e-lottie__container\"><div class=\"e-lottie__animation\"><\/div><\/div>\t\t\t\t<\/div>\n\t\t\t\t<\/div>\n\t\t\t\t\t<\/div>\n\t\t<\/div>\n\t\t\t\t<div class=\"elementor-column elementor-col-50 elementor-top-column elementor-element elementor-element-f9140c0\" data-id=\"f9140c0\" data-element_type=\"column\" data-settings=\"{&quot;background_background&quot;:&quot;classic&quot;}\">\n\t\t\t<div class=\"elementor-widget-wrap elementor-element-populated\">\n\t\t\t\t\t\t<div class=\"elementor-element elementor-element-c4120db elementor-widget elementor-widget-heading\" data-id=\"c4120db\" data-element_type=\"widget\" data-widget_type=\"heading.default\">\n\t\t\t\t<div class=\"elementor-widget-container\">\n\t\t\t\t\t<h5 class=\"elementor-heading-title elementor-size-default\">R\u00e9trospective du salon<\/h5>\t\t\t\t<\/div>\n\t\t\t\t<\/div>\n\t\t\t\t<div class=\"elementor-element elementor-element-982643c elementor-widget elementor-widget-heading\" data-id=\"982643c\" data-element_type=\"widget\" data-widget_type=\"heading.default\">\n\t\t\t\t<div class=\"elementor-widget-container\">\n\t\t\t\t\t<h2 class=\"elementor-heading-title elementor-size-default\">Informez-vous sur les chiffres, les donn\u00e9es et les faits dans la r\u00e9trospective du salon 2023 !<\/h2>\t\t\t\t<\/div>\n\t\t\t\t<\/div>\n\t\t\t\t<div class=\"elementor-element elementor-element-f72c3be elementor-mobile-align-center elementor-widget elementor-widget-dynamic-button\" data-id=\"f72c3be\" data-element_type=\"widget\" data-widget_type=\"dynamic-button.default\">\n\t\t\t\t<div class=\"elementor-widget-container\">\n\t\t\t\t\t        <div class=\"elementor-button-wrapper\">\n            <a href=\"https:\/\/www.aqua-suisse-zuerich.ch\/wp-content\/uploads\/sites\/91\/2022\/05\/Messerueckblick_Aqua_Suisse_2023-1.pdf\" class=\"elementor-button-link elementor-button elementor-size-sm elementor-animation-pulse-grow\" role=\"button\">\n                        <span class=\"elementor-button-content-wrapper\">\n\t\t\t                <span class=\"elementor-button-icon elementor-align-icon-right\">\n\t\t\t\t<i aria-hidden=\"true\" class=\"fas fa-arrow-right\"><\/i>\t\t\t<\/span>\n            \t\t\t<span class=\"elementor-button-text\">Cliquez ici<\/span>\n\t\t<\/span>\n                    <\/a>\n        <\/div>\n        \t\t\t\t<\/div>\n\t\t\t\t<\/div>\n\t\t\t\t\t<\/div>\n\t\t<\/div>\n\t\t\t\t\t<\/div>\n\t\t<\/section>\n\t\t\t\t<\/div>\n\t\t<\/p>\n\t\t\t\t\t\t\t\t<\/div>\n\t\t\t\t<\/div>\n\t\t\t\t\t<\/div>\n\t\t<\/div>\n\t\t\t\t\t<\/div>\n\t\t<\/section>\n\t\t\t\t<\/div>\n\t\t","protected":false},"excerpt":{"rendered":"<p>Technologie Smart Badge pour les exposants Faites de vos visiteurs des contacts hautement qualifi\u00e9s ! Dans le cadre de votre pack EasyGo, tous les exposants re\u00e7oivent un lecteur NFC afin d&rsquo;am\u00e9liorer l&rsquo;impression g\u00e9n\u00e9rale des visiteurs. Le lecteur sans fil install\u00e9 sur votre stand transmet num\u00e9riquement aux visiteurs les informations sur vos produits et votre entreprise [&hellip;]<\/p>\n","protected":false},"author":1,"featured_media":0,"parent":0,"menu_order":0,"comment_status":"closed","ping_status":"closed","template":"","meta":{"_seopress_robots_primary_cat":"","_seopress_titles_title":"Technologie Smart Badge pour les exposants","_seopress_titles_desc":"Faites de vos visiteurs des contacts hautement qualifi\u00e9s ! avec la technologie Easyfairs Smart Badge.","_seopress_robots_index":"","footnotes":""},"class_list":["post-31112","page","type-page","status-publish","hentry"],"_links":{"self":[{"href":"https:\/\/www.aqua-suisse-zuerich.ch\/fr\/wp-json\/wp\/v2\/pages\/31112","targetHints":{"allow":["GET"]}}],"collection":[{"href":"https:\/\/www.aqua-suisse-zuerich.ch\/fr\/wp-json\/wp\/v2\/pages"}],"about":[{"href":"https:\/\/www.aqua-suisse-zuerich.ch\/fr\/wp-json\/wp\/v2\/types\/page"}],"author":[{"embeddable":true,"href":"https:\/\/www.aqua-suisse-zuerich.ch\/fr\/wp-json\/wp\/v2\/users\/1"}],"replies":[{"embeddable":true,"href":"https:\/\/www.aqua-suisse-zuerich.ch\/fr\/wp-json\/wp\/v2\/comments?post=31112"}],"version-history":[{"count":3,"href":"https:\/\/www.aqua-suisse-zuerich.ch\/fr\/wp-json\/wp\/v2\/pages\/31112\/revisions"}],"predecessor-version":[{"id":32443,"href":"https:\/\/www.aqua-suisse-zuerich.ch\/fr\/wp-json\/wp\/v2\/pages\/31112\/revisions\/32443"}],"wp:attachment":[{"href":"https:\/\/www.aqua-suisse-zuerich.ch\/fr\/wp-json\/wp\/v2\/media?parent=31112"}],"curies":[{"name":"wp","href":"https:\/\/api.w.org\/{rel}","templated":true}]}}