{"id":31083,"date":"2024-01-16T13:36:13","date_gmt":"2024-01-16T13:36:13","guid":{"rendered":"https:\/\/www.aqua-suisse-zuerich.ch\/badge-intelligent-pour-visiteur\/"},"modified":"2024-04-09T07:54:34","modified_gmt":"2024-04-09T07:54:34","slug":"badge-intelligent-pour-visiteur","status":"publish","type":"page","link":"https:\/\/www.aqua-suisse-zuerich.ch\/fr\/badge-intelligent-pour-visiteur\/","title":{"rendered":"Badge intelligent pour visiteur"},"content":{"rendered":"\t\t<div data-elementor-type=\"wp-post\" data-elementor-id=\"31083\" class=\"elementor elementor-31083 elementor-894\" data-elementor-post-type=\"page\">\n\t\t\t\t\t\t<section class=\"elementor-section elementor-top-section elementor-element elementor-element-51a4d050 elementor-section-content-middle elementor-section-full_width elementor-section-height-default elementor-section-height-default\" data-id=\"51a4d050\" data-element_type=\"section\">\n\t\t\t\t\t\t<div class=\"elementor-container elementor-column-gap-no\">\n\t\t\t\t\t<div class=\"elementor-column elementor-col-50 elementor-top-column elementor-element elementor-element-35d8627a\" data-id=\"35d8627a\" data-element_type=\"column\" data-settings=\"{&quot;background_background&quot;:&quot;classic&quot;}\">\n\t\t\t<div class=\"elementor-widget-wrap elementor-element-populated\">\n\t\t\t\t\t\t<div class=\"elementor-element elementor-element-3b2e31db elementor-widget elementor-widget-spacer\" data-id=\"3b2e31db\" data-element_type=\"widget\" data-widget_type=\"spacer.default\">\n\t\t\t\t<div class=\"elementor-widget-container\">\n\t\t\t\t\t\t\t<div class=\"elementor-spacer\">\n\t\t\t<div class=\"elementor-spacer-inner\"><\/div>\n\t\t<\/div>\n\t\t\t\t\t\t<\/div>\n\t\t\t\t<\/div>\n\t\t\t\t\t<\/div>\n\t\t<\/div>\n\t\t\t\t<div class=\"elementor-column elementor-col-50 elementor-top-column elementor-element elementor-element-791312e7\" data-id=\"791312e7\" data-element_type=\"column\" data-settings=\"{&quot;background_background&quot;:&quot;classic&quot;}\">\n\t\t\t<div class=\"elementor-widget-wrap elementor-element-populated\">\n\t\t\t\t\t\t<div class=\"elementor-element elementor-element-62168303 elementor-widget elementor-widget-heading\" data-id=\"62168303\" data-element_type=\"widget\" data-widget_type=\"heading.default\">\n\t\t\t\t<div class=\"elementor-widget-container\">\n\t\t\t\t\t<h5 class=\"elementor-heading-title elementor-size-default\">Touch &amp; Collect pour les visiteurs<\/h5>\t\t\t\t<\/div>\n\t\t\t\t<\/div>\n\t\t\t\t<div class=\"elementor-element elementor-element-4548f48d elementor-widget elementor-widget-heading\" data-id=\"4548f48d\" data-element_type=\"widget\" data-widget_type=\"heading.default\">\n\t\t\t\t<div class=\"elementor-widget-container\">\n\t\t\t\t\t<h2 class=\"elementor-heading-title elementor-size-default\">Technologie des badges intelligents - Qu'est-ce qu'un badge intelligent ?<\/h2>\t\t\t\t<\/div>\n\t\t\t\t<\/div>\n\t\t\t\t<div class=\"elementor-element elementor-element-13912aaa elementor-widget elementor-widget-text-editor\" data-id=\"13912aaa\" data-element_type=\"widget\" data-widget_type=\"text-editor.default\">\n\t\t\t\t<div class=\"elementor-widget-container\">\n\t\t\t\t\t\t\t\t\t<p><strong>En r\u00e9sum\u00e9 :<\/strong> un badge intelligent est un badge visiteur intelligent. Il permet aux visiteurs et aux exposants d&rsquo;\u00e9changer num\u00e9riquement des donn\u00e9es de contact et des informations.<\/p>\n\t\t\t\t\t\t\t\t<\/div>\n\t\t\t\t<\/div>\n\t\t\t\t<div class=\"elementor-element elementor-element-24a393f9 elementor-hidden-desktop elementor-hidden-tablet elementor-hidden-mobile elementor-widget elementor-widget-dynamic-button\" data-id=\"24a393f9\" data-element_type=\"widget\" data-widget_type=\"dynamic-button.default\">\n\t\t\t\t<div class=\"elementor-widget-container\">\n\t\t\t\t\t        <div class=\"elementor-button-wrapper\">\n            <a href=\"https:\/\/\" class=\"elementor-button-link elementor-button elementor-size-sm elementor-animation-pulse-grow\" role=\"button\">\n                        <span class=\"elementor-button-content-wrapper\">\n\t\t\t                <span class=\"elementor-button-icon elementor-align-icon-right\">\n\t\t\t\t<i aria-hidden=\"true\" class=\"fas fa-arrow-right\"><\/i>\t\t\t<\/span>\n            \t\t\t<span class=\"elementor-button-text\">Cliquez ici<\/span>\n\t\t<\/span>\n                    <\/a>\n        <\/div>\n        \t\t\t\t<\/div>\n\t\t\t\t<\/div>\n\t\t\t\t\t<\/div>\n\t\t<\/div>\n\t\t\t\t\t<\/div>\n\t\t<\/section>\n\t\t\t\t<section class=\"elementor-section elementor-top-section elementor-element elementor-element-2fc4d18c elementor-section-boxed elementor-section-height-default elementor-section-height-default\" data-id=\"2fc4d18c\" data-element_type=\"section\">\n\t\t\t\t\t\t<div class=\"elementor-container elementor-column-gap-no\">\n\t\t\t\t\t<div class=\"elementor-column elementor-col-100 elementor-top-column elementor-element elementor-element-6e2242ec\" data-id=\"6e2242ec\" data-element_type=\"column\">\n\t\t\t<div class=\"elementor-widget-wrap elementor-element-populated\">\n\t\t\t\t\t\t<div class=\"elementor-element elementor-element-cbe05a8 elementor-widget elementor-widget-video\" data-id=\"cbe05a8\" data-element_type=\"widget\" data-settings=\"{&quot;youtube_url&quot;:&quot;https:\\\/\\\/www.youtube.com\\\/watch?v=UHAlwKCBV-Q&amp;t=2s&quot;,&quot;video_type&quot;:&quot;youtube&quot;,&quot;controls&quot;:&quot;yes&quot;}\" data-widget_type=\"video.default\">\n\t\t\t\t<div class=\"elementor-widget-container\">\n\t\t\t\t\t\t\t<div class=\"elementor-wrapper elementor-open-inline\">\n\t\t\t<div class=\"elementor-video\"><\/div>\t\t<\/div>\n\t\t\t\t\t\t<\/div>\n\t\t\t\t<\/div>\n\t\t\t\t<div class=\"elementor-element elementor-element-50701f0 elementor-widget elementor-widget-text-editor\" data-id=\"50701f0\" data-element_type=\"widget\" data-widget_type=\"text-editor.default\">\n\t\t\t\t<div class=\"elementor-widget-container\">\n\t\t\t\t\t\t\t\t\t<p><strong>Quelles sont les conditions pr\u00e9alables ?<\/strong><br \/>\nD\u00e8s que vous touchez le lecteur d&rsquo;un exposant sur le stand avec votre badge intelligent, vous collectez des informations num\u00e9riques. \u00c0 la fin de votre journ\u00e9e de visite, vous recevez un e-mail d&rsquo;Easyfairs. Celui-ci contient votre r\u00e9sum\u00e9 du salon : une liste de tous les exposants dont vous avez touch\u00e9 le lecteur. Toutes les donn\u00e9es que ces exposants ont t\u00e9l\u00e9charg\u00e9es dans leur profil en ligne peuvent maintenant \u00eatre consult\u00e9es tr\u00e8s facilement gr\u00e2ce \u00e0 des liens individuels.<br \/>\nEn touchant le lecteur, vous indiquez en m\u00eame temps \u00e0 l&rsquo;exposant concern\u00e9 que vous vous int\u00e9ressez \u00e0 ses produits et qu&rsquo;il peut prendre contact avec vous.<br \/>\nIl s&rsquo;agit donc d&rsquo;un \u00e9change num\u00e9rique de cartes de visite.<br \/>\n<b><br \/>\n<\/b><\/p>\n<p><b>Vous \u00e9vitez les co\u00fbts et pr\u00e9servez les ressources<\/b><\/p>\n<p>Dans le cadre de l&rsquo;enregistrement des visiteurs, il vous suffit d&rsquo;indiquer vos coordonn\u00e9es. Veillez en particulier \u00e0 saisir correctement votre adresse e-mail. C&rsquo;est la condition de base pour que nous puissions vous envoyer les informations d\u00e9taill\u00e9es sur \u00ab\u00a0vos\u00a0\u00bb exposants \u00e0 la fin de la journ\u00e9e du salon.<\/p>\n<p><b>Quels sont vos avantages ?<\/b><\/p>\n<ol>\n<li>Gr\u00e2ce \u00e0 votre badge intelligent, vous pouvez collecter facilement et num\u00e9riquement des informations de tous les exposants. Vous avez acc\u00e8s aux descriptions de produits, aux photos, aux vid\u00e9os et aux offres d&#8217;emploi. Plus besoin de collecter d&rsquo;innombrables prospectus et catalogues. Vous pouvez \u00e9galement partager toutes ces informations avec vos coll\u00e8gues par voie num\u00e9rique.<\/li>\n<li>Si un exposant ne se trouvait pas sur le stand ou \u00e9tait occup\u00e9 par un autre visiteur, vous deviez par le pass\u00e9 repasser devant. Gr\u00e2ce \u00e0 la technologie des badges intelligents, vous pouvez d\u00e9sormais tout de m\u00eame obtenir directement des informations de l&rsquo;exposant &#8211; tout simplement en touchant le lecteur.<\/li>\n<li>\u00c0 la fin de votre journ\u00e9e au salon, vous recevrez un e-mail d&rsquo;Easyfairs. Celui-ci contient une liste de tous les exposants chez lesquels vous avez touch\u00e9 le lecteur. Vous disposez ainsi automatiquement d&rsquo;un r\u00e9sum\u00e9 complet de votre journ\u00e9e au salon, avec toutes les informations d\u00e9taill\u00e9es sur chaque exposant.<\/li>\n<\/ol>\n<p><b><\/b><b><br \/>\n<\/b><\/p>\n<p><b>Qu&rsquo;advient-il de vos donn\u00e9es ?<\/b><\/p>\n<p>Les donn\u00e9es personnelles que vous fournissez lors de votre inscription ne sont pas transmises par Easyfairs. Nous les utilisons uniquement pour vous informer de nos propres manifestations actuelles et, le cas \u00e9ch\u00e9ant, futures.<br \/>\nCes donn\u00e9es ne sont transmises aux exposants que si vous touchez le lecteur de l&rsquo;exposant avec votre badge visiteur ou si vous vous \u00eates inscrit via un code ou un lien d&rsquo;invitation d&rsquo;un exposant. Vous nous signalez ainsi, ainsi qu&rsquo;\u00e0 l&rsquo;exposant, que vous \u00eates int\u00e9ress\u00e9 par le fait que l&rsquo;exposant puisse recevoir vos donn\u00e9es pour vous contacter. Si vous ne le souhaitez pas, nous vous prions de ne pas toucher un lecteur avec votre badge ou d&rsquo;utiliser ult\u00e9rieurement l&rsquo;une des possibilit\u00e9s d&rsquo;opt-out.<br \/>\nEasyfairs prend la protection de vos donn\u00e9es personnelles tr\u00e8s au s\u00e9rieux. Pour plus de d\u00e9tails, veuillez jeter un coup d&rsquo;\u0153il sur nos <a href=\"https:\/\/www.easyfairs.com\/privacy-policy\/\" target=\"_blank\" rel=\"noopener\">Datenschutzrichtlinien<\/a> et notre <a style=\"font-family: var( --e-global-typography-text-font-family ), Sans-serif; font-size: var( --e-global-typography-text-font-size ); text-transform: var( --e-global-typography-text-text-transform );\" href=\"https:\/\/www.easyfairs.com\/general-terms-conditions\/\" target=\"_blank\" rel=\"noopener\">Allgemeinen Gesch\u00e4ftsbedingungen.<\/a><\/p>\n\t\t\t\t\t\t\t\t<\/div>\n\t\t\t\t<\/div>\n\t\t\t\t\t<\/div>\n\t\t<\/div>\n\t\t\t\t\t<\/div>\n\t\t<\/section>\n\t\t\t\t<section class=\"elementor-section elementor-top-section elementor-element elementor-element-568ccfb1 elementor-section-boxed elementor-section-height-default elementor-section-height-default\" data-id=\"568ccfb1\" data-element_type=\"section\">\n\t\t\t\t\t\t<div class=\"elementor-container elementor-column-gap-no\">\n\t\t\t\t\t<div class=\"elementor-column elementor-col-100 elementor-top-column elementor-element elementor-element-67d9d802\" data-id=\"67d9d802\" data-element_type=\"column\">\n\t\t\t<div class=\"elementor-widget-wrap elementor-element-populated\">\n\t\t\t\t\t\t<div class=\"elementor-element elementor-element-5f3bf015 elementor-widget elementor-widget-text-editor\" data-id=\"5f3bf015\" data-element_type=\"widget\" data-widget_type=\"text-editor.default\">\n\t\t\t\t<div class=\"elementor-widget-container\">\n\t\t\t\t\t\t\t\t\t<p>\t\t<div data-elementor-type=\"section\" data-elementor-id=\"33406\" class=\"elementor elementor-33406 elementor-10309\" data-elementor-post-type=\"elementor_library\">\n\t\t\t\t\t<section class=\"elementor-section elementor-top-section elementor-element elementor-element-18cadf7a elementor-section-content-middle elementor-section-boxed elementor-section-height-default elementor-section-height-default\" data-id=\"18cadf7a\" data-element_type=\"section\">\n\t\t\t\t\t\t<div class=\"elementor-container elementor-column-gap-default\">\n\t\t\t\t\t<div class=\"elementor-column elementor-col-50 elementor-top-column elementor-element elementor-element-2256a08d\" data-id=\"2256a08d\" data-element_type=\"column\" data-settings=\"{&quot;background_background&quot;:&quot;classic&quot;}\">\n\t\t\t<div class=\"elementor-widget-wrap elementor-element-populated\">\n\t\t\t\t\t\t<div class=\"elementor-element elementor-element-00cfd2c elementor-mobile-align-center elementor-align-center elementor-widget elementor-widget-lottie\" data-id=\"00cfd2c\" data-element_type=\"widget\" data-settings=\"{&quot;source_json&quot;:{&quot;url&quot;:&quot;https:\\\/\\\/www.aqua-suisse-zuerich.ch\\\/wp-content\\\/uploads\\\/sites\\\/91\\\/2022\\\/05\\\/78-document-pdf-outline-edited.json&quot;,&quot;id&quot;:10395,&quot;size&quot;:&quot;&quot;,&quot;alt&quot;:&quot;&quot;,&quot;source&quot;:&quot;library&quot;},&quot;source&quot;:&quot;media_file&quot;,&quot;caption_source&quot;:&quot;none&quot;,&quot;link_to&quot;:&quot;none&quot;,&quot;trigger&quot;:&quot;arriving_to_viewport&quot;,&quot;viewport&quot;:{&quot;unit&quot;:&quot;%&quot;,&quot;size&quot;:&quot;&quot;,&quot;sizes&quot;:{&quot;start&quot;:0,&quot;end&quot;:100}},&quot;play_speed&quot;:{&quot;unit&quot;:&quot;px&quot;,&quot;size&quot;:1,&quot;sizes&quot;:[]},&quot;start_point&quot;:{&quot;unit&quot;:&quot;%&quot;,&quot;size&quot;:0,&quot;sizes&quot;:[]},&quot;end_point&quot;:{&quot;unit&quot;:&quot;%&quot;,&quot;size&quot;:100,&quot;sizes&quot;:[]},&quot;renderer&quot;:&quot;svg&quot;}\" data-widget_type=\"lottie.default\">\n\t\t\t\t<div class=\"elementor-widget-container\">\n\t\t\t\t\t<div class=\"e-lottie__container\"><div class=\"e-lottie__animation\"><\/div><\/div>\t\t\t\t<\/div>\n\t\t\t\t<\/div>\n\t\t\t\t\t<\/div>\n\t\t<\/div>\n\t\t\t\t<div class=\"elementor-column elementor-col-50 elementor-top-column elementor-element elementor-element-f9140c0\" data-id=\"f9140c0\" data-element_type=\"column\" data-settings=\"{&quot;background_background&quot;:&quot;classic&quot;}\">\n\t\t\t<div class=\"elementor-widget-wrap elementor-element-populated\">\n\t\t\t\t\t\t<div class=\"elementor-element elementor-element-c4120db elementor-widget elementor-widget-heading\" data-id=\"c4120db\" data-element_type=\"widget\" data-widget_type=\"heading.default\">\n\t\t\t\t<div class=\"elementor-widget-container\">\n\t\t\t\t\t<h5 class=\"elementor-heading-title elementor-size-default\">R\u00e9trospective du salon<\/h5>\t\t\t\t<\/div>\n\t\t\t\t<\/div>\n\t\t\t\t<div class=\"elementor-element elementor-element-982643c elementor-widget elementor-widget-heading\" data-id=\"982643c\" data-element_type=\"widget\" data-widget_type=\"heading.default\">\n\t\t\t\t<div class=\"elementor-widget-container\">\n\t\t\t\t\t<h2 class=\"elementor-heading-title elementor-size-default\">Informez-vous sur les chiffres, les donn\u00e9es et les faits dans la r\u00e9trospective du salon 2023 !<\/h2>\t\t\t\t<\/div>\n\t\t\t\t<\/div>\n\t\t\t\t<div class=\"elementor-element elementor-element-f72c3be elementor-mobile-align-center elementor-widget elementor-widget-dynamic-button\" data-id=\"f72c3be\" data-element_type=\"widget\" data-widget_type=\"dynamic-button.default\">\n\t\t\t\t<div class=\"elementor-widget-container\">\n\t\t\t\t\t        <div class=\"elementor-button-wrapper\">\n            <a href=\"https:\/\/www.aqua-suisse-zuerich.ch\/wp-content\/uploads\/sites\/91\/2022\/05\/Messerueckblick_Aqua_Suisse_2023-1.pdf\" class=\"elementor-button-link elementor-button elementor-size-sm elementor-animation-pulse-grow\" role=\"button\">\n                        <span class=\"elementor-button-content-wrapper\">\n\t\t\t                <span class=\"elementor-button-icon elementor-align-icon-right\">\n\t\t\t\t<i aria-hidden=\"true\" class=\"fas fa-arrow-right\"><\/i>\t\t\t<\/span>\n            \t\t\t<span class=\"elementor-button-text\">Cliquez ici<\/span>\n\t\t<\/span>\n                    <\/a>\n        <\/div>\n        \t\t\t\t<\/div>\n\t\t\t\t<\/div>\n\t\t\t\t\t<\/div>\n\t\t<\/div>\n\t\t\t\t\t<\/div>\n\t\t<\/section>\n\t\t\t\t<\/div>\n\t\t<\/p>\n\t\t\t\t\t\t\t\t<\/div>\n\t\t\t\t<\/div>\n\t\t\t\t\t<\/div>\n\t\t<\/div>\n\t\t\t\t\t<\/div>\n\t\t<\/section>\n\t\t\t\t<\/div>\n\t\t","protected":false},"excerpt":{"rendered":"<p>Touch &#038; Collect pour les visiteurs Technologie des badges intelligents &#8211; Qu&rsquo;est-ce qu&rsquo;un badge intelligent ? En r\u00e9sum\u00e9 : un badge intelligent est un badge visiteur intelligent. Il permet aux visiteurs et aux exposants d&rsquo;\u00e9changer num\u00e9riquement des donn\u00e9es de contact et des informations. Cliquez ici https:\/\/www.youtube.com\/watch?v=UHAlwKCBV-Q&#038;t=2s Quelles sont les conditions pr\u00e9alables ? D\u00e8s que vous [&hellip;]<\/p>\n","protected":false},"author":1,"featured_media":0,"parent":0,"menu_order":0,"comment_status":"closed","ping_status":"closed","template":"","meta":{"_seopress_robots_primary_cat":"","_seopress_titles_title":"Badge intelligent pour visiteur","_seopress_titles_desc":"","_seopress_robots_index":"","footnotes":""},"class_list":["post-31083","page","type-page","status-publish","hentry"],"_links":{"self":[{"href":"https:\/\/www.aqua-suisse-zuerich.ch\/fr\/wp-json\/wp\/v2\/pages\/31083","targetHints":{"allow":["GET"]}}],"collection":[{"href":"https:\/\/www.aqua-suisse-zuerich.ch\/fr\/wp-json\/wp\/v2\/pages"}],"about":[{"href":"https:\/\/www.aqua-suisse-zuerich.ch\/fr\/wp-json\/wp\/v2\/types\/page"}],"author":[{"embeddable":true,"href":"https:\/\/www.aqua-suisse-zuerich.ch\/fr\/wp-json\/wp\/v2\/users\/1"}],"replies":[{"embeddable":true,"href":"https:\/\/www.aqua-suisse-zuerich.ch\/fr\/wp-json\/wp\/v2\/comments?post=31083"}],"version-history":[{"count":2,"href":"https:\/\/www.aqua-suisse-zuerich.ch\/fr\/wp-json\/wp\/v2\/pages\/31083\/revisions"}],"predecessor-version":[{"id":32401,"href":"https:\/\/www.aqua-suisse-zuerich.ch\/fr\/wp-json\/wp\/v2\/pages\/31083\/revisions\/32401"}],"wp:attachment":[{"href":"https:\/\/www.aqua-suisse-zuerich.ch\/fr\/wp-json\/wp\/v2\/media?parent=31083"}],"curies":[{"name":"wp","href":"https:\/\/api.w.org\/{rel}","templated":true}]}}