{"id":894,"date":"2019-11-26T10:08:51","date_gmt":"2019-11-26T10:08:51","guid":{"rendered":"https:\/\/www.aqua-suisse-zuerich.ch\/?page_id=894"},"modified":"2024-02-29T16:17:51","modified_gmt":"2024-02-29T16:17:51","slug":"besucher-smart-badge","status":"publish","type":"page","link":"https:\/\/www.aqua-suisse-zuerich.ch\/de\/besucher-smart-badge\/","title":{"rendered":"Besucher Smart Badge"},"content":{"rendered":"\t\t<div data-elementor-type=\"wp-post\" data-elementor-id=\"894\" class=\"elementor elementor-894\" data-elementor-post-type=\"page\">\n\t\t\t\t\t\t<section class=\"elementor-section elementor-top-section elementor-element elementor-element-51a4d050 elementor-section-content-middle elementor-section-full_width elementor-section-height-default elementor-section-height-default\" data-id=\"51a4d050\" data-element_type=\"section\">\n\t\t\t\t\t\t<div class=\"elementor-container elementor-column-gap-no\">\n\t\t\t\t\t<div class=\"elementor-column elementor-col-50 elementor-top-column elementor-element elementor-element-35d8627a\" data-id=\"35d8627a\" data-element_type=\"column\" data-settings=\"{&quot;background_background&quot;:&quot;classic&quot;}\">\n\t\t\t<div class=\"elementor-widget-wrap elementor-element-populated\">\n\t\t\t\t\t\t<div class=\"elementor-element elementor-element-3b2e31db elementor-widget elementor-widget-spacer\" data-id=\"3b2e31db\" data-element_type=\"widget\" data-widget_type=\"spacer.default\">\n\t\t\t\t<div class=\"elementor-widget-container\">\n\t\t\t\t\t\t\t<div class=\"elementor-spacer\">\n\t\t\t<div class=\"elementor-spacer-inner\"><\/div>\n\t\t<\/div>\n\t\t\t\t\t\t<\/div>\n\t\t\t\t<\/div>\n\t\t\t\t\t<\/div>\n\t\t<\/div>\n\t\t\t\t<div class=\"elementor-column elementor-col-50 elementor-top-column elementor-element elementor-element-791312e7\" data-id=\"791312e7\" data-element_type=\"column\" data-settings=\"{&quot;background_background&quot;:&quot;classic&quot;}\">\n\t\t\t<div class=\"elementor-widget-wrap elementor-element-populated\">\n\t\t\t\t\t\t<div class=\"elementor-element elementor-element-62168303 elementor-widget elementor-widget-heading\" data-id=\"62168303\" data-element_type=\"widget\" data-widget_type=\"heading.default\">\n\t\t\t\t<div class=\"elementor-widget-container\">\n\t\t\t\t\t<h5 class=\"elementor-heading-title elementor-size-default\">Touch &amp; Collect f\u00fcr Besucher<\/h5>\t\t\t\t<\/div>\n\t\t\t\t<\/div>\n\t\t\t\t<div class=\"elementor-element elementor-element-4548f48d elementor-widget elementor-widget-heading\" data-id=\"4548f48d\" data-element_type=\"widget\" data-widget_type=\"heading.default\">\n\t\t\t\t<div class=\"elementor-widget-container\">\n\t\t\t\t\t<h2 class=\"elementor-heading-title elementor-size-default\">Smart-Badge-Technologie \u2013 Was ist ein Smart-Badge?<\/h2>\t\t\t\t<\/div>\n\t\t\t\t<\/div>\n\t\t\t\t<div class=\"elementor-element elementor-element-13912aaa elementor-widget elementor-widget-text-editor\" data-id=\"13912aaa\" data-element_type=\"widget\" data-widget_type=\"text-editor.default\">\n\t\t\t\t<div class=\"elementor-widget-container\">\n\t\t\t\t\t\t\t\t\t<p><strong>Zusammengefasst:<\/strong> ein Smart-Badge ist ein intelligenter Besucherausweis. Es erm\u00f6glicht Besuchern und Ausstellern Kontaktdaten und Informationen digital auszutauschen.<\/p>\t\t\t\t\t\t\t\t<\/div>\n\t\t\t\t<\/div>\n\t\t\t\t<div class=\"elementor-element elementor-element-24a393f9 elementor-hidden-desktop elementor-hidden-tablet elementor-hidden-mobile elementor-widget elementor-widget-dynamic-button\" data-id=\"24a393f9\" data-element_type=\"widget\" data-widget_type=\"dynamic-button.default\">\n\t\t\t\t<div class=\"elementor-widget-container\">\n\t\t\t\t\t        <div class=\"elementor-button-wrapper\">\n            <a href=\"https:\/\/\" class=\"elementor-button-link elementor-button elementor-size-sm elementor-animation-pulse-grow\" role=\"button\">\n                        <span class=\"elementor-button-content-wrapper\">\n\t\t\t                <span class=\"elementor-button-icon elementor-align-icon-right\">\n\t\t\t\t<i aria-hidden=\"true\" class=\"fas fa-arrow-right\"><\/i>\t\t\t<\/span>\n            \t\t\t<span class=\"elementor-button-text\">Hier Klicken<\/span>\n\t\t<\/span>\n                    <\/a>\n        <\/div>\n        \t\t\t\t<\/div>\n\t\t\t\t<\/div>\n\t\t\t\t\t<\/div>\n\t\t<\/div>\n\t\t\t\t\t<\/div>\n\t\t<\/section>\n\t\t\t\t<section class=\"elementor-section elementor-top-section elementor-element elementor-element-2fc4d18c elementor-section-boxed elementor-section-height-default elementor-section-height-default\" data-id=\"2fc4d18c\" data-element_type=\"section\">\n\t\t\t\t\t\t<div class=\"elementor-container elementor-column-gap-no\">\n\t\t\t\t\t<div class=\"elementor-column elementor-col-100 elementor-top-column elementor-element elementor-element-6e2242ec\" data-id=\"6e2242ec\" data-element_type=\"column\">\n\t\t\t<div class=\"elementor-widget-wrap elementor-element-populated\">\n\t\t\t\t\t\t<div class=\"elementor-element elementor-element-cbe05a8 elementor-widget elementor-widget-video\" data-id=\"cbe05a8\" data-element_type=\"widget\" data-settings=\"{&quot;youtube_url&quot;:&quot;https:\\\/\\\/www.youtube.com\\\/watch?v=UHAlwKCBV-Q&amp;t=2s&quot;,&quot;video_type&quot;:&quot;youtube&quot;,&quot;controls&quot;:&quot;yes&quot;}\" data-widget_type=\"video.default\">\n\t\t\t\t<div class=\"elementor-widget-container\">\n\t\t\t\t\t\t\t<div class=\"elementor-wrapper elementor-open-inline\">\n\t\t\t<div class=\"elementor-video\"><\/div>\t\t<\/div>\n\t\t\t\t\t\t<\/div>\n\t\t\t\t<\/div>\n\t\t\t\t<div class=\"elementor-element elementor-element-50701f0 elementor-widget elementor-widget-text-editor\" data-id=\"50701f0\" data-element_type=\"widget\" data-widget_type=\"text-editor.default\">\n\t\t\t\t<div class=\"elementor-widget-container\">\n\t\t\t\t\t\t\t\t\t<p><strong>Was sind die Voraussetzungen?<\/strong><br \/>Sobald Sie das Leseger\u00e4t eines Ausstellers am Messestand mit Ihrem Smart-Badge ber\u00fchren, sammeln Sie digital Informationen ein. Am Ende Ihres Besuchstages erhalten Sie eine E-Mail von Easyfairs. Diese enth\u00e4lt Ihre Messezusammenfassung: eine Liste aller Aussteller, deren Leseger\u00e4t Sie ber\u00fchrt haben. S\u00e4mtliche Daten, die diese Aussteller in ihrem Online-Profil hochgeladen haben, k\u00f6nnen Sie nun anhand individueller Links ganz einfach abrufen.<br \/>Durch die Ber\u00fchrung des Leseger\u00e4tes teilen Sie dem betreffenden Aussteller gleichzeitig mit, dass Sie sich f\u00fcr seine Produkte interessieren und dass er mit Ihnen in Kontakt treten darf.<br \/>Es findet also ein digitaler Austausch von Visitenkarten statt.<br \/><b><br \/><\/b><\/p><p><b>Sie vermeiden Kosten und schonen Ressourcen<br \/><\/b>Geben Sie im Rahmen der Besucherregistrierung einfach Ihre Kontaktdaten an. Achten Sie dabei insbesondere auf die korrekte Eingabe Ihrer E-Mail-Adresse. Diese ist Grundvoraussetzung daf\u00fcr, dass wir Ihnen am Ende des Messetages die Detailinformationen zu \u201eIhren\u201c Ausstellern zusenden k\u00f6nnen.<br \/><b><br \/><\/b><\/p><p><b>Was sind Ihre Vorteile?<br \/><\/b><\/p><ol><li><span style=\"color: var( --e-global-color-primary ); font-family: var( --e-global-typography-text-font-family ), Sans-serif; font-size: var( --e-global-typography-text-font-size ); font-weight: var( --e-global-typography-text-font-weight ); text-transform: var( --e-global-typography-text-text-transform );\">Mit Hilfe Ihres Smart-Badges k\u00f6nnen Sie ganz einfach und digital Informationen von allen Ausstellern einsammeln. Sie erhalten Zugriff auf Produktbeschreibungen, Bilder, Videos oder auch Stellenangebote. Das Einsammeln zahlloser Prospekte und Kataloge entf\u00e4llt. S\u00e4mtliche Informationen k\u00f6nnen Sie im Anschluss auch digital mit Kollegen teilen.<\/span><\/li><li><span style=\"color: var( --e-global-color-primary ); font-family: var( --e-global-typography-text-font-family ), Sans-serif; font-size: var( --e-global-typography-text-font-size ); font-weight: var( --e-global-typography-text-font-weight ); text-transform: var( --e-global-typography-text-text-transform );\">Sollte ein Aussteller nicht am Messestand oder mit einem anderen Besucher besch\u00e4ftigt sein, so mussten Sie in der Vergangenheit nochmals vorbeigehen. Dank der Smart-Badge-Technologie k\u00f6nnen Sie nun trotzdem direkt Informationen des Ausstellers einholen \u2013 ganz einfach durch die Ber\u00fchrung des Leseger\u00e4tes.<\/span><\/li><li><span style=\"color: var( --e-global-color-primary ); font-family: var( --e-global-typography-text-font-family ), Sans-serif; font-size: var( --e-global-typography-text-font-size ); font-weight: var( --e-global-typography-text-font-weight ); text-transform: var( --e-global-typography-text-text-transform );\">Am Ende Ihres Messetages erhalten Sie eine E-Mail von Easyfairs. Diese enth\u00e4lt eine Liste s\u00e4mtlicher Aussteller, bei denen Sie das Leseger\u00e4t ber\u00fchrt haben. Somit haben Sie automatisch eine vollst\u00e4ndige Zusammenfassung Ihres Messetages \u2013 inklusive s\u00e4mtlicher Detailinformationen zu jedem Aussteller.<\/span><\/li><\/ol><p><b><\/b><b><br \/><\/b><\/p><p><b>Was geschieht mit Ihren Daten?<br \/><\/b>Ihre pers\u00f6nlichen Daten, die Sie bei der Registrierung hinterlegen, werden von Easyfairs nicht weitergegeben. Wir nutzen diese lediglich, um Sie \u00fcber aktuelle und ggf. zuk\u00fcnftige eigene Veranstaltungen zu informieren.<br \/>Diese Daten werden ausschlie\u00dflich dann an Aussteller \u00fcbermittelt, wenn Sie das Leseger\u00e4t des Ausstellers mit Ihrem Besucherausweis ber\u00fchren oder sich \u00fcber einen Einladungs-Code bzw -Link eines Ausstellers angemeldet haben. Damit signalisieren Sie uns und dem Aussteller, dass Sie daran interessiert sind, dass der Aussteller Ihre Daten zur Kontaktaufnahme erhalten darf. Wenn Sie dies nicht w\u00fcnschen, dann bitten wir Sie darum, kein Leseger\u00e4t mit Ihrem Ausweis zu ber\u00fchren oder im Nachhinein eine der Opt-Out-M\u00f6glichkeiten zu nutzen.<br \/>Easyfairs nimmt den Schutz Ihrer pers\u00f6nlichen Daten sehr ernst. F\u00fcr weitere Details werfen Sie bitte einen Blick auf unsere <a href=\"https:\/\/www.easyfairs.com\/privacy-policy\/\" target=\"_blank\" rel=\"noopener\">Datenschutzrichtlinien<\/a> und unsere\u00a0<a style=\"font-family: var( --e-global-typography-text-font-family ), Sans-serif; font-size: var( --e-global-typography-text-font-size ); text-transform: var( --e-global-typography-text-text-transform );\" href=\"https:\/\/www.easyfairs.com\/general-terms-conditions\/\" target=\"_blank\" rel=\"noopener\">Allgemeinen Gesch\u00e4ftsbedingungen.<\/a><\/p>\t\t\t\t\t\t\t\t<\/div>\n\t\t\t\t<\/div>\n\t\t\t\t\t<\/div>\n\t\t<\/div>\n\t\t\t\t\t<\/div>\n\t\t<\/section>\n\t\t\t\t<section class=\"elementor-section elementor-top-section elementor-element elementor-element-568ccfb1 elementor-section-boxed elementor-section-height-default elementor-section-height-default\" data-id=\"568ccfb1\" data-element_type=\"section\">\n\t\t\t\t\t\t<div class=\"elementor-container elementor-column-gap-no\">\n\t\t\t\t\t<div class=\"elementor-column elementor-col-100 elementor-top-column elementor-element elementor-element-67d9d802\" data-id=\"67d9d802\" data-element_type=\"column\">\n\t\t\t<div class=\"elementor-widget-wrap elementor-element-populated\">\n\t\t\t\t\t\t<div class=\"elementor-element elementor-element-5f3bf015 elementor-widget elementor-widget-text-editor\" data-id=\"5f3bf015\" data-element_type=\"widget\" data-widget_type=\"text-editor.default\">\n\t\t\t\t<div class=\"elementor-widget-container\">\n\t\t\t\t\t\t\t\t\t\t\t<div data-elementor-type=\"section\" data-elementor-id=\"10309\" class=\"elementor elementor-10309\" data-elementor-post-type=\"elementor_library\">\n\t\t\t\t\t<section class=\"elementor-section elementor-top-section elementor-element elementor-element-18cadf7a elementor-section-content-middle elementor-section-boxed elementor-section-height-default elementor-section-height-default\" data-id=\"18cadf7a\" data-element_type=\"section\">\n\t\t\t\t\t\t<div class=\"elementor-container elementor-column-gap-default\">\n\t\t\t\t\t<div class=\"elementor-column elementor-col-50 elementor-top-column elementor-element elementor-element-2256a08d\" data-id=\"2256a08d\" data-element_type=\"column\" data-settings=\"{&quot;background_background&quot;:&quot;classic&quot;}\">\n\t\t\t<div class=\"elementor-widget-wrap elementor-element-populated\">\n\t\t\t\t\t\t<div class=\"elementor-element elementor-element-00cfd2c elementor-mobile-align-center elementor-align-center elementor-widget elementor-widget-lottie\" data-id=\"00cfd2c\" data-element_type=\"widget\" data-settings=\"{&quot;source_json&quot;:{&quot;url&quot;:&quot;https:\\\/\\\/www.aqua-suisse-zuerich.ch\\\/wp-content\\\/uploads\\\/sites\\\/91\\\/2022\\\/05\\\/78-document-pdf-outline-edited.json&quot;,&quot;id&quot;:10395,&quot;size&quot;:&quot;&quot;,&quot;alt&quot;:&quot;&quot;,&quot;source&quot;:&quot;library&quot;},&quot;source&quot;:&quot;media_file&quot;,&quot;caption_source&quot;:&quot;none&quot;,&quot;link_to&quot;:&quot;none&quot;,&quot;trigger&quot;:&quot;arriving_to_viewport&quot;,&quot;viewport&quot;:{&quot;unit&quot;:&quot;%&quot;,&quot;size&quot;:&quot;&quot;,&quot;sizes&quot;:{&quot;start&quot;:0,&quot;end&quot;:100}},&quot;play_speed&quot;:{&quot;unit&quot;:&quot;px&quot;,&quot;size&quot;:1,&quot;sizes&quot;:[]},&quot;start_point&quot;:{&quot;unit&quot;:&quot;%&quot;,&quot;size&quot;:0,&quot;sizes&quot;:[]},&quot;end_point&quot;:{&quot;unit&quot;:&quot;%&quot;,&quot;size&quot;:100,&quot;sizes&quot;:[]},&quot;renderer&quot;:&quot;svg&quot;}\" data-widget_type=\"lottie.default\">\n\t\t\t\t<div class=\"elementor-widget-container\">\n\t\t\t\t\t<div class=\"e-lottie__container\"><div class=\"e-lottie__animation\"><\/div><\/div>\t\t\t\t<\/div>\n\t\t\t\t<\/div>\n\t\t\t\t\t<\/div>\n\t\t<\/div>\n\t\t\t\t<div class=\"elementor-column elementor-col-50 elementor-top-column elementor-element elementor-element-f9140c0\" data-id=\"f9140c0\" data-element_type=\"column\" data-settings=\"{&quot;background_background&quot;:&quot;classic&quot;}\">\n\t\t\t<div class=\"elementor-widget-wrap elementor-element-populated\">\n\t\t\t\t\t\t<div class=\"elementor-element elementor-element-c4120db elementor-widget elementor-widget-heading\" data-id=\"c4120db\" data-element_type=\"widget\" data-widget_type=\"heading.default\">\n\t\t\t\t<div class=\"elementor-widget-container\">\n\t\t\t\t\t<h5 class=\"elementor-heading-title elementor-size-default\">Messer\u00fcckblick<\/h5>\t\t\t\t<\/div>\n\t\t\t\t<\/div>\n\t\t\t\t<div class=\"elementor-element elementor-element-982643c elementor-widget elementor-widget-heading\" data-id=\"982643c\" data-element_type=\"widget\" data-widget_type=\"heading.default\">\n\t\t\t\t<div class=\"elementor-widget-container\">\n\t\t\t\t\t<h2 class=\"elementor-heading-title elementor-size-default\">Informieren Sie sich im Messer\u00fcckblick 2023 \u00fcber Zahlen, Daten und Fakten!<\/h2>\t\t\t\t<\/div>\n\t\t\t\t<\/div>\n\t\t\t\t<div class=\"elementor-element elementor-element-f72c3be elementor-mobile-align-center elementor-widget elementor-widget-dynamic-button\" data-id=\"f72c3be\" data-element_type=\"widget\" data-widget_type=\"dynamic-button.default\">\n\t\t\t\t<div class=\"elementor-widget-container\">\n\t\t\t\t\t        <div class=\"elementor-button-wrapper\">\n            <a href=\"https:\/\/www.aqua-suisse-zuerich.ch\/wp-content\/uploads\/sites\/91\/2022\/05\/Messerueckblick_Aqua_Suisse_2023-1.pdf\" class=\"elementor-button-link elementor-button elementor-size-sm elementor-animation-pulse-grow\" role=\"button\">\n                        <span class=\"elementor-button-content-wrapper\">\n\t\t\t                <span class=\"elementor-button-icon elementor-align-icon-right\">\n\t\t\t\t<i aria-hidden=\"true\" class=\"fas fa-arrow-right\"><\/i>\t\t\t<\/span>\n            \t\t\t<span class=\"elementor-button-text\">Hier Klicken<\/span>\n\t\t<\/span>\n                    <\/a>\n        <\/div>\n        \t\t\t\t<\/div>\n\t\t\t\t<\/div>\n\t\t\t\t\t<\/div>\n\t\t<\/div>\n\t\t\t\t\t<\/div>\n\t\t<\/section>\n\t\t\t\t<\/div>\n\t\t\t\t\t\t\t\t\t\t<\/div>\n\t\t\t\t<\/div>\n\t\t\t\t\t<\/div>\n\t\t<\/div>\n\t\t\t\t\t<\/div>\n\t\t<\/section>\n\t\t\t\t<\/div>\n\t\t","protected":false},"excerpt":{"rendered":"<p>Touch &amp; Collect f\u00fcr Besucher Smart-Badge-Technologie \u2013 Was ist ein Smart-Badge? Zusammengefasst: ein Smart-Badge ist ein intelligenter Besucherausweis. Es erm\u00f6glicht Besuchern und Ausstellern Kontaktdaten und Informationen digital auszutauschen. Hier Klicken https:\/\/www.youtube.com\/watch?v=UHAlwKCBV-Q&#038;t=2s Was sind die Voraussetzungen?Sobald Sie das Leseger\u00e4t eines Ausstellers am Messestand mit Ihrem Smart-Badge ber\u00fchren, sammeln Sie digital Informationen ein. Am Ende Ihres Besuchstages [&hellip;]<\/p>\n","protected":false},"author":1,"featured_media":0,"parent":0,"menu_order":0,"comment_status":"closed","ping_status":"closed","template":"","meta":{"_seopress_robots_primary_cat":"","_seopress_titles_title":"Besucher Smart Badge","_seopress_titles_desc":"","_seopress_robots_index":"","footnotes":""},"class_list":["post-894","page","type-page","status-publish","hentry"],"_links":{"self":[{"href":"https:\/\/www.aqua-suisse-zuerich.ch\/de\/wp-json\/wp\/v2\/pages\/894","targetHints":{"allow":["GET"]}}],"collection":[{"href":"https:\/\/www.aqua-suisse-zuerich.ch\/de\/wp-json\/wp\/v2\/pages"}],"about":[{"href":"https:\/\/www.aqua-suisse-zuerich.ch\/de\/wp-json\/wp\/v2\/types\/page"}],"author":[{"embeddable":true,"href":"https:\/\/www.aqua-suisse-zuerich.ch\/de\/wp-json\/wp\/v2\/users\/1"}],"replies":[{"embeddable":true,"href":"https:\/\/www.aqua-suisse-zuerich.ch\/de\/wp-json\/wp\/v2\/comments?post=894"}],"version-history":[{"count":5,"href":"https:\/\/www.aqua-suisse-zuerich.ch\/de\/wp-json\/wp\/v2\/pages\/894\/revisions"}],"predecessor-version":[{"id":32189,"href":"https:\/\/www.aqua-suisse-zuerich.ch\/de\/wp-json\/wp\/v2\/pages\/894\/revisions\/32189"}],"wp:attachment":[{"href":"https:\/\/www.aqua-suisse-zuerich.ch\/de\/wp-json\/wp\/v2\/media?parent=894"}],"curies":[{"name":"wp","href":"https:\/\/api.w.org\/{rel}","templated":true}]}}