{"id":542,"date":"2019-08-26T14:54:56","date_gmt":"2019-08-26T14:54:56","guid":{"rendered":"https:\/\/www.aqua-suisse-zuerich.ch\/?page_id=542"},"modified":"2022-07-12T07:29:14","modified_gmt":"2022-07-12T07:29:14","slug":"smart-badge-technologie","status":"publish","type":"page","link":"https:\/\/www.aqua-suisse-zuerich.ch\/de\/smart-badge-technologie\/","title":{"rendered":"Smart Badge Technologie"},"content":{"rendered":"\t\t<div data-elementor-type=\"wp-post\" data-elementor-id=\"542\" class=\"elementor elementor-542\" data-elementor-post-type=\"page\">\n\t\t\t\t\t\t<section class=\"elementor-section elementor-top-section elementor-element elementor-element-2a50a68a elementor-section-content-middle elementor-section-full_width elementor-section-height-default elementor-section-height-default\" data-id=\"2a50a68a\" data-element_type=\"section\">\n\t\t\t\t\t\t<div class=\"elementor-container elementor-column-gap-no\">\n\t\t\t\t\t<div class=\"elementor-column elementor-col-50 elementor-top-column elementor-element elementor-element-5b2bbab8\" data-id=\"5b2bbab8\" data-element_type=\"column\" data-settings=\"{&quot;background_background&quot;:&quot;classic&quot;}\">\n\t\t\t<div class=\"elementor-widget-wrap elementor-element-populated\">\n\t\t\t\t\t\t<div class=\"elementor-element elementor-element-4f0a056c elementor-widget elementor-widget-spacer\" data-id=\"4f0a056c\" data-element_type=\"widget\" data-widget_type=\"spacer.default\">\n\t\t\t\t<div class=\"elementor-widget-container\">\n\t\t\t\t\t\t\t<div class=\"elementor-spacer\">\n\t\t\t<div class=\"elementor-spacer-inner\"><\/div>\n\t\t<\/div>\n\t\t\t\t\t\t<\/div>\n\t\t\t\t<\/div>\n\t\t\t\t\t<\/div>\n\t\t<\/div>\n\t\t\t\t<div class=\"elementor-column elementor-col-50 elementor-top-column elementor-element elementor-element-6df22d79\" data-id=\"6df22d79\" data-element_type=\"column\" data-settings=\"{&quot;background_background&quot;:&quot;classic&quot;}\">\n\t\t\t<div class=\"elementor-widget-wrap elementor-element-populated\">\n\t\t\t\t\t\t<div class=\"elementor-element elementor-element-54800ae3 elementor-widget elementor-widget-heading\" data-id=\"54800ae3\" data-element_type=\"widget\" data-widget_type=\"heading.default\">\n\t\t\t\t<div class=\"elementor-widget-container\">\n\t\t\t\t\t<h5 class=\"elementor-heading-title elementor-size-default\">Smart Badge Technologie f\u00fcr Aussteller<\/h5>\t\t\t\t<\/div>\n\t\t\t\t<\/div>\n\t\t\t\t<div class=\"elementor-element elementor-element-dabc6c1 elementor-widget elementor-widget-heading\" data-id=\"dabc6c1\" data-element_type=\"widget\" data-widget_type=\"heading.default\">\n\t\t\t\t<div class=\"elementor-widget-container\">\n\t\t\t\t\t<h2 class=\"elementor-heading-title elementor-size-default\">Machen Sie aus Ihren Besuchern <u>hochqualifizierte Kontakte!<\/u><\/h2>\t\t\t\t<\/div>\n\t\t\t\t<\/div>\n\t\t\t\t<div class=\"elementor-element elementor-element-467727c0 elementor-widget elementor-widget-text-editor\" data-id=\"467727c0\" data-element_type=\"widget\" data-widget_type=\"text-editor.default\">\n\t\t\t\t<div class=\"elementor-widget-container\">\n\t\t\t\t\t\t\t\t\t<p>Als Teil Ihres EasyGo Paketes, erhalten alle Aussteller ein NFC-Leseger\u00e4t, um den Gesamteindruck f\u00fcr Besucher zu steigern. Das drahtlose Leseger\u00e4t an Ihrem Stand \u00fcbertr\u00e4gt Ihre <span style=\"text-decoration: underline;\">Produkt- und Firmeninformationen,<\/span> die Sie in Ihrem MyEasyfairs Account hochgeladen haben, digital an die Besucher.<\/p>\t\t\t\t\t\t\t\t<\/div>\n\t\t\t\t<\/div>\n\t\t\t\t<div class=\"elementor-element elementor-element-3a580a75 elementor-hidden-desktop elementor-hidden-tablet elementor-hidden-mobile elementor-widget elementor-widget-dynamic-button\" data-id=\"3a580a75\" data-element_type=\"widget\" data-widget_type=\"dynamic-button.default\">\n\t\t\t\t<div class=\"elementor-widget-container\">\n\t\t\t\t\t        <div class=\"elementor-button-wrapper\">\n            <a href=\"https:\/\/\" class=\"elementor-button-link elementor-button elementor-size-sm elementor-animation-pulse-grow\" role=\"button\">\n                        <span class=\"elementor-button-content-wrapper\">\n\t\t\t                <span class=\"elementor-button-icon elementor-align-icon-right\">\n\t\t\t\t<i aria-hidden=\"true\" class=\"fas fa-arrow-right\"><\/i>\t\t\t<\/span>\n            \t\t\t<span class=\"elementor-button-text\">Hier Klicken<\/span>\n\t\t<\/span>\n                    <\/a>\n        <\/div>\n        \t\t\t\t<\/div>\n\t\t\t\t<\/div>\n\t\t\t\t\t<\/div>\n\t\t<\/div>\n\t\t\t\t\t<\/div>\n\t\t<\/section>\n\t\t\t\t<section class=\"elementor-section elementor-top-section elementor-element elementor-element-3e2c1f72 elementor-section-boxed elementor-section-height-default elementor-section-height-default\" data-id=\"3e2c1f72\" data-element_type=\"section\">\n\t\t\t\t\t\t<div class=\"elementor-container elementor-column-gap-no\">\n\t\t\t\t\t<div class=\"elementor-column elementor-col-100 elementor-top-column elementor-element elementor-element-5f36f651\" data-id=\"5f36f651\" data-element_type=\"column\">\n\t\t\t<div class=\"elementor-widget-wrap elementor-element-populated\">\n\t\t\t\t\t\t<div class=\"elementor-element elementor-element-3e3ea95 elementor-widget elementor-widget-heading\" data-id=\"3e3ea95\" data-element_type=\"widget\" data-widget_type=\"heading.default\">\n\t\t\t\t<div class=\"elementor-widget-container\">\n\t\t\t\t\t<h2 class=\"elementor-heading-title elementor-size-default\">Informationen f\u00fcr Aussteller<\/h2>\t\t\t\t<\/div>\n\t\t\t\t<\/div>\n\t\t\t\t<div class=\"elementor-element elementor-element-64654f9c elementor-widget elementor-widget-text-editor\" data-id=\"64654f9c\" data-element_type=\"widget\" data-widget_type=\"text-editor.default\">\n\t\t\t\t<div class=\"elementor-widget-container\">\n\t\t\t\t\t\t\t\t\t<p><strong>Wie funktioniert&#8217;s?<\/strong><\/p><p>Sobald Besucher Ihr Leseger\u00e4t mit dem Besucherausweis ber\u00fchren, sammeln sie s\u00e4mtliche Informationen \u00fcber Ihre Firma und Produkte, die Sie in Ihrem MyEasyfairs Account hochgeladen haben. Am Ende des Messetages erhalten die Besucher diese Informationen als Messezusammenfassung per E-Mail zugesandt. Wenn Sie GoLeads, GoPlus oder GoPremium nutzen, erhalten Sie die Daten der Besucher, die Ihr Leseger\u00e4t ber\u00fchrt haben. Sie k\u00f6nnen diese in MyEasyfairs herunterladen. Nur GoVisibility? Ihre Besucher haben Ihre Informationen \u00fcber Ihr Leseger\u00e4t erhalten. Damit Sie die Daten Ihrer Besucher erhalten k\u00f6nnen, m\u00fcssen Sie Ihr Paket auf GoPlus erweitern.<\/p><p>\u00a0<\/p><p><strong>Was m\u00fcssen Sie vor der Messe daf\u00fcr erledigen? <\/strong><\/p><p>Stellen Sie sicher, dass Ihr Firmenprofil in Ihrem MyEasyfairs Account (Firmendaten, Produkte und Kontaktinformationen) auf dem neuesten Stand ist. Diese Informationen erh\u00e4lt der Besucher digital, wenn er mit seinem Ausweis Ihr Leseger\u00e4t am Stand ber\u00fchrt hat.<\/p><p>\u00a0<\/p><p><strong>Was m\u00fcssen Sie auf der Messe daf\u00fcr erledigen?<\/strong><br \/>Sie bekommen am Aufbautag das einsatzbereite Leseger\u00e4t auf einem standardisierten Aufsteller auf Ihrem Stand platziert. Diesen k\u00f6nnen Sie so positionieren, wie Sie m\u00f6chten. Am Ende der Messe werden die Leseger\u00e4te von unserem Team wieder eingesammelt. Bitte achten Sie darauf, dass Sie den Aufsteller mit dem Leseger\u00e4t am 1. Messetag auf Ihrem Stand vorfinden. Wenn nicht, setzen Sie sich bitte umgehend mit dem Messe-Team in Verbindung, da Aufsteller und Leseger\u00e4t Teil Ihres Standpakets sind und am Ende der Messe zur\u00fcckgegeben werden m\u00fcssen.<\/p>\t\t\t\t\t\t\t\t<\/div>\n\t\t\t\t<\/div>\n\t\t\t\t<div class=\"elementor-element elementor-element-49a708e elementor-widget elementor-widget-heading\" data-id=\"49a708e\" data-element_type=\"widget\" data-widget_type=\"heading.default\">\n\t\t\t\t<div class=\"elementor-widget-container\">\n\t\t\t\t\t<h2 class=\"elementor-heading-title elementor-size-default\">Vorteile f\u00fcr Sie als Aussteller<\/h2>\t\t\t\t<\/div>\n\t\t\t\t<\/div>\n\t\t\t\t<div class=\"elementor-element elementor-element-a4876a7 elementor-widget elementor-widget-text-editor\" data-id=\"a4876a7\" data-element_type=\"widget\" data-widget_type=\"text-editor.default\">\n\t\t\t\t<div class=\"elementor-widget-container\">\n\t\t\t\t\t\t\t\t\t<p><strong>Sie geben Ihre Firmeninformationen schnell und einfach weiter<\/strong><br>Besucher erhalten Ihre Firmen- und Produktinformationen per E-Mail \u2013 ganz einfach durch die Ber\u00fchrung des Leseger\u00e4tes mit ihrem Besucherausweis. Sogar Besucher mit denen Sie keinen pers\u00f6nlichen Kontakt hatten, k\u00f6nnen dadurch Informationen \u00fcber Sie anfordern.<\/p>\n<p><strong>Sie vermeiden Kosten und schonen Ressourcen<\/strong><br>Wenn Sie Ihre Firmen- und Produktinformationen digital zur Verf\u00fcgung stellen, ben\u00f6tigen Sie weniger Brosch\u00fcren, Kataloge oder andere Drucksachen. Dadurch sparen Sie Produktions- und Transportkosten. Zudem sammeln die Besucher weniger Material auf der Messe und damit reduziert sich die Gefahr, dass sie wichtige Unterlagen \u201cverlieren\u201d.<\/p>\n<p><strong>Sie bieten Ihren Besuchern eine moderne interaktive Kommunikation<\/strong><br>Besucher, die Ihr Leseger\u00e4t mit dem Ausweis ber\u00fchren, erhalten Ihre Informationen digital. Dadurch k\u00f6nnen sie die Daten einfach mit Kollegen und Freunden via E-Mail oder in sozialen Netzwerken teilen.<br>Sie erleichtern Ihre Messenachbereitung.<br>Sie erhalten eine elektronische Auflistung aller Besucher, die Ihre Informationen angefordert haben. Der zeitaufw\u00e4ndige Import von Visitenkarten oder Kontaktb\u00f6gen entf\u00e4llt.<\/p>\t\t\t\t\t\t\t\t<\/div>\n\t\t\t\t<\/div>\n\t\t\t\t\t<\/div>\n\t\t<\/div>\n\t\t\t\t\t<\/div>\n\t\t<\/section>\n\t\t\t\t<section class=\"elementor-section elementor-top-section elementor-element elementor-element-52b5a0cf elementor-section-boxed elementor-section-height-default elementor-section-height-default\" data-id=\"52b5a0cf\" data-element_type=\"section\">\n\t\t\t\t\t\t<div class=\"elementor-container elementor-column-gap-no\">\n\t\t\t\t\t<div class=\"elementor-column elementor-col-100 elementor-top-column elementor-element elementor-element-2537f6fe\" data-id=\"2537f6fe\" data-element_type=\"column\">\n\t\t\t<div class=\"elementor-widget-wrap elementor-element-populated\">\n\t\t\t\t\t\t<div class=\"elementor-element elementor-element-5397ca52 elementor-widget elementor-widget-text-editor\" data-id=\"5397ca52\" data-element_type=\"widget\" data-widget_type=\"text-editor.default\">\n\t\t\t\t<div class=\"elementor-widget-container\">\n\t\t\t\t\t\t\t\t\t\t\t<div data-elementor-type=\"section\" data-elementor-id=\"10309\" class=\"elementor elementor-10309\" data-elementor-post-type=\"elementor_library\">\n\t\t\t\t\t<section class=\"elementor-section elementor-top-section elementor-element elementor-element-18cadf7a elementor-section-content-middle elementor-section-boxed elementor-section-height-default elementor-section-height-default\" data-id=\"18cadf7a\" data-element_type=\"section\">\n\t\t\t\t\t\t<div class=\"elementor-container elementor-column-gap-default\">\n\t\t\t\t\t<div class=\"elementor-column elementor-col-50 elementor-top-column elementor-element elementor-element-2256a08d\" data-id=\"2256a08d\" data-element_type=\"column\" data-settings=\"{&quot;background_background&quot;:&quot;classic&quot;}\">\n\t\t\t<div class=\"elementor-widget-wrap elementor-element-populated\">\n\t\t\t\t\t\t<div class=\"elementor-element elementor-element-00cfd2c elementor-mobile-align-center elementor-align-center elementor-widget elementor-widget-lottie\" data-id=\"00cfd2c\" data-element_type=\"widget\" data-settings=\"{&quot;source_json&quot;:{&quot;url&quot;:&quot;https:\\\/\\\/www.aqua-suisse-zuerich.ch\\\/wp-content\\\/uploads\\\/sites\\\/91\\\/2022\\\/05\\\/78-document-pdf-outline-edited.json&quot;,&quot;id&quot;:10395,&quot;size&quot;:&quot;&quot;,&quot;alt&quot;:&quot;&quot;,&quot;source&quot;:&quot;library&quot;},&quot;source&quot;:&quot;media_file&quot;,&quot;caption_source&quot;:&quot;none&quot;,&quot;link_to&quot;:&quot;none&quot;,&quot;trigger&quot;:&quot;arriving_to_viewport&quot;,&quot;viewport&quot;:{&quot;unit&quot;:&quot;%&quot;,&quot;size&quot;:&quot;&quot;,&quot;sizes&quot;:{&quot;start&quot;:0,&quot;end&quot;:100}},&quot;play_speed&quot;:{&quot;unit&quot;:&quot;px&quot;,&quot;size&quot;:1,&quot;sizes&quot;:[]},&quot;start_point&quot;:{&quot;unit&quot;:&quot;%&quot;,&quot;size&quot;:0,&quot;sizes&quot;:[]},&quot;end_point&quot;:{&quot;unit&quot;:&quot;%&quot;,&quot;size&quot;:100,&quot;sizes&quot;:[]},&quot;renderer&quot;:&quot;svg&quot;}\" data-widget_type=\"lottie.default\">\n\t\t\t\t<div class=\"elementor-widget-container\">\n\t\t\t\t\t<div class=\"e-lottie__container\"><div class=\"e-lottie__animation\"><\/div><\/div>\t\t\t\t<\/div>\n\t\t\t\t<\/div>\n\t\t\t\t\t<\/div>\n\t\t<\/div>\n\t\t\t\t<div class=\"elementor-column elementor-col-50 elementor-top-column elementor-element elementor-element-f9140c0\" data-id=\"f9140c0\" data-element_type=\"column\" data-settings=\"{&quot;background_background&quot;:&quot;classic&quot;}\">\n\t\t\t<div class=\"elementor-widget-wrap elementor-element-populated\">\n\t\t\t\t\t\t<div class=\"elementor-element elementor-element-c4120db elementor-widget elementor-widget-heading\" data-id=\"c4120db\" data-element_type=\"widget\" data-widget_type=\"heading.default\">\n\t\t\t\t<div class=\"elementor-widget-container\">\n\t\t\t\t\t<h5 class=\"elementor-heading-title elementor-size-default\">Messer\u00fcckblick<\/h5>\t\t\t\t<\/div>\n\t\t\t\t<\/div>\n\t\t\t\t<div class=\"elementor-element elementor-element-982643c elementor-widget elementor-widget-heading\" data-id=\"982643c\" data-element_type=\"widget\" data-widget_type=\"heading.default\">\n\t\t\t\t<div class=\"elementor-widget-container\">\n\t\t\t\t\t<h2 class=\"elementor-heading-title elementor-size-default\">Informieren Sie sich im Messer\u00fcckblick 2023 \u00fcber Zahlen, Daten und Fakten!<\/h2>\t\t\t\t<\/div>\n\t\t\t\t<\/div>\n\t\t\t\t<div class=\"elementor-element elementor-element-f72c3be elementor-mobile-align-center elementor-widget elementor-widget-dynamic-button\" data-id=\"f72c3be\" data-element_type=\"widget\" data-widget_type=\"dynamic-button.default\">\n\t\t\t\t<div class=\"elementor-widget-container\">\n\t\t\t\t\t        <div class=\"elementor-button-wrapper\">\n            <a href=\"https:\/\/www.aqua-suisse-zuerich.ch\/wp-content\/uploads\/sites\/91\/2022\/05\/Messerueckblick_Aqua_Suisse_2023-1.pdf\" class=\"elementor-button-link elementor-button elementor-size-sm elementor-animation-pulse-grow\" role=\"button\">\n                        <span class=\"elementor-button-content-wrapper\">\n\t\t\t                <span class=\"elementor-button-icon elementor-align-icon-right\">\n\t\t\t\t<i aria-hidden=\"true\" class=\"fas fa-arrow-right\"><\/i>\t\t\t<\/span>\n            \t\t\t<span class=\"elementor-button-text\">Hier Klicken<\/span>\n\t\t<\/span>\n                    <\/a>\n        <\/div>\n        \t\t\t\t<\/div>\n\t\t\t\t<\/div>\n\t\t\t\t\t<\/div>\n\t\t<\/div>\n\t\t\t\t\t<\/div>\n\t\t<\/section>\n\t\t\t\t<\/div>\n\t\t\t\t\t\t\t\t\t\t<\/div>\n\t\t\t\t<\/div>\n\t\t\t\t\t<\/div>\n\t\t<\/div>\n\t\t\t\t\t<\/div>\n\t\t<\/section>\n\t\t\t\t<\/div>\n\t\t","protected":false},"excerpt":{"rendered":"<p>Smart Badge Technologie f\u00fcr Aussteller Machen Sie aus Ihren Besuchern hochqualifizierte Kontakte! Als Teil Ihres EasyGo Paketes, erhalten alle Aussteller ein NFC-Leseger\u00e4t, um den Gesamteindruck f\u00fcr Besucher zu steigern. Das drahtlose Leseger\u00e4t an Ihrem Stand \u00fcbertr\u00e4gt Ihre Produkt- und Firmeninformationen, die Sie in Ihrem MyEasyfairs Account hochgeladen haben, digital an die Besucher. Hier Klicken Informationen [&hellip;]<\/p>\n","protected":false},"author":1,"featured_media":0,"parent":0,"menu_order":0,"comment_status":"closed","ping_status":"closed","template":"","meta":{"_seopress_robots_primary_cat":"","_seopress_titles_title":"Smart Badge Technologie f\u00fcr Aussteller","_seopress_titles_desc":"Machen Sie aus Ihren Besuchern hochqualifizierte Kontakte! mit der Easyfairs Smart Badge Technologie.\r\n","_seopress_robots_index":"","footnotes":""},"class_list":["post-542","page","type-page","status-publish","hentry"],"_links":{"self":[{"href":"https:\/\/www.aqua-suisse-zuerich.ch\/de\/wp-json\/wp\/v2\/pages\/542","targetHints":{"allow":["GET"]}}],"collection":[{"href":"https:\/\/www.aqua-suisse-zuerich.ch\/de\/wp-json\/wp\/v2\/pages"}],"about":[{"href":"https:\/\/www.aqua-suisse-zuerich.ch\/de\/wp-json\/wp\/v2\/types\/page"}],"author":[{"embeddable":true,"href":"https:\/\/www.aqua-suisse-zuerich.ch\/de\/wp-json\/wp\/v2\/users\/1"}],"replies":[{"embeddable":true,"href":"https:\/\/www.aqua-suisse-zuerich.ch\/de\/wp-json\/wp\/v2\/comments?post=542"}],"version-history":[{"count":5,"href":"https:\/\/www.aqua-suisse-zuerich.ch\/de\/wp-json\/wp\/v2\/pages\/542\/revisions"}],"predecessor-version":[{"id":12888,"href":"https:\/\/www.aqua-suisse-zuerich.ch\/de\/wp-json\/wp\/v2\/pages\/542\/revisions\/12888"}],"wp:attachment":[{"href":"https:\/\/www.aqua-suisse-zuerich.ch\/de\/wp-json\/wp\/v2\/media?parent=542"}],"curies":[{"name":"wp","href":"https:\/\/api.w.org\/{rel}","templated":true}]}}